{"id":39,"date":"2017-06-02T14:16:20","date_gmt":"2017-06-02T13:16:20","guid":{"rendered":"http:\/\/pre.buddypress.vilaweb.cat\/?page_id=39"},"modified":"2021-05-04T10:26:35","modified_gmt":"2021-05-04T09:26:35","slug":"contacte","status":"publish","type":"page","link":"https:\/\/www.vilaweb.cat\/comunitat\/contacte\/","title":{"rendered":"Contacte"},"content":{"rendered":"<p>\nPartal, Maresma i Associats, S.L.<\/p>\n<p>C\/ Ferlandina, 43<br \/>\n08001 Barcelona<br \/>\n934 426 439<\/p>\n<p>C\/ Sant Ferran, 12<br \/>\n46001 Val\u00e8ncia<\/p>\n<p><strong>Editora:<\/strong> <a href=\"http:\/\/www.vilaweb.cat\/autors\/assumpcio-maresma\/\" target=\"_blank\" rel=\"noopener noreferrer\">Assumpci\u00f3 Maresma<\/a><br \/>\n<strong>Director:<\/strong> <a href=\"http:\/\/www.vilaweb.cat\/autors\/vicent-partal\/\" target=\"_blank\" rel=\"noopener noreferrer\">Vicent Partal<\/a><br \/>\n<strong>Caps de Redacci\u00f3:<\/strong> <a href=\"http:\/\/www.vilaweb.cat\/autors\/josep-casulleras-nualart\/\" target=\"_blank\" rel=\"noopener noreferrer\">Josep Casulleras\u00a0<\/a>i <a href=\"https:\/\/www.vilaweb.cat\/autors\/esperanca-camps-2\/\">Esperan\u00e7a Camps<\/a><a href=\"mailto:redaccio@vilaweb.cat\"><\/a><br \/>\n<strong>Cap d&#8217;Estil:<\/strong> <a href=\"mailto:redaccio@vilaweb.cat\">Jordi Badia<\/a><a href=\"mailto:administracio@partal.cat\"><\/a><br \/>\n<strong>Cap de Publicitat:<\/strong> <a href=\"mailto:publicitat@vilaweb.cat\">\u00c0lvar Teixidor<\/a><\/p>\n<p>&nbsp;<\/p>\n<hr \/>\n<p>\n<strong>Si voleu contactar amb VilaWeb ho podeu fer aix\u00ed:<\/strong><\/p>\n<p><strong>\u00b7 Per a contactar amb la redacci\u00f3 feu servir aquests correus: <\/strong><\/p>\n<p><strong>Correu general de redacci\u00f3:<\/strong>\u00a0<a href=\"mailto:redaccio@vilaweb.cat\">redaccio@vilaweb.cat<\/a><br \/>\n<strong>Correu del director:<\/strong>\u00a0<a href=\"mailto:director@vilaweb.cat\">director@vilaweb.cat<\/a><br \/>\nO telefonar al 934 426 439 (Horari: de dilluns a divendres de 08.00h a 23.00h)<\/p>\n<p><strong>\u00b7 Per a resoldre problemes t\u00e8cnics o relacionats amb la vostra subscripci\u00f3<\/strong><\/p>\n<p><strong>Correu de suport<\/strong>: <a href=\"mailto:suport@vilaweb.cat\">suport@vilaweb.cat<\/a><br \/>\nSi ho preferiu tamb\u00e9 podeu fer servir aquest formulari o, nom\u00e9s si s\u00f3u subscriptors, podeu escriure a <a href=\"mailto:subscriptors@vilaweb.cat\">subscriptors@vilaweb.cat<\/a> o telefonar al 689 344 437 (horari: 9h a 14h)<\/p>\n<p><strong>\u00b7 Si voleu inserir publicitat:<\/strong><\/p>\n<p><strong>Correu de publicitat<\/strong>:\u00a0<a href=\"mailto:publicitat@vilaweb.cat\">publicitat@vilaweb.cat<\/a><\/p>\n<p>&nbsp;<\/p>\n<hr \/>\n<p>\n<strong>\u00b7 Pol\u00edtica de publicaci\u00f3 d&#8217;articles no demanats:<\/strong><\/p>\n<p>VilaWeb no es compromet a publicar o establir correspond\u00e8ncia sobre articles que no ha sol\u00b7licitat. Si envieu un article per a publicar o proposeu una col\u00b7laboraci\u00f3 el diari considerar\u00e0 el cas. Per\u00f2 si no hi ha cap resposta en quaranta-vuit hores, s&#8217;ent\u00e9n que no se&#8217;n  considera la publicaci\u00f3.<\/p>\n<p>VilaWeb t\u00e9 una secci\u00f3 d&#8217;opini\u00f3 molt limitada i pr\u00e0cticament nom\u00e9s publica els articles dels seus opinadors habituals. Com a norma, que pot ser modificada en casos excepcionals, no acceptem articles d&#8217;opini\u00f3 de persones que estan exercint un c\u00e0rrec pol\u00edtic ni tampoc acceptem articles que hagin estat o vagin a publicar-se tamb\u00e9 en altres mitjans.<\/p>\n<p>&nbsp;<\/p>\n<hr \/>\n","protected":false},"excerpt":{"rendered":"<p>Partal, Maresma i Associats, S.L. C\/ Ferlandina, 43 08001 Barcelona 934 426 439 C\/ Sant Ferran, 12 46001 Val\u00e8ncia Editora: Assumpci\u00f3 Maresma Director: Vicent Partal Caps de Redacci\u00f3: Josep Casulleras\u00a0i Esperan\u00e7a Camps Cap d&#8217;Estil: Jordi Badia Cap de Publicitat: \u00c0lvar Teixidor &nbsp; Si voleu contactar amb VilaWeb ho podeu fer aix\u00ed: \u00b7 Per a contactar &hellip; <\/p>\n<p class=\"link-more\"><a href=\"https:\/\/www.vilaweb.cat\/comunitat\/contacte\/\" class=\"more-link\">Continua llegint <span class=\"screen-reader-text\">\u00abContacte\u00bb<\/span><\/a><\/p>\n","protected":false},"author":1,"featured_media":0,"parent":0,"menu_order":0,"comment_status":"closed","ping_status":"closed","template":"contact-form-template.php","meta":{"footnotes":""},"_links":{"self":[{"href":"https:\/\/www.vilaweb.cat\/comunitat\/wp-json\/wp\/v2\/pages\/39"}],"collection":[{"href":"https:\/\/www.vilaweb.cat\/comunitat\/wp-json\/wp\/v2\/pages"}],"about":[{"href":"https:\/\/www.vilaweb.cat\/comunitat\/wp-json\/wp\/v2\/types\/page"}],"author":[{"embeddable":true,"href":"https:\/\/www.vilaweb.cat\/comunitat\/wp-json\/wp\/v2\/users\/1"}],"replies":[{"embeddable":true,"href":"https:\/\/www.vilaweb.cat\/comunitat\/wp-json\/wp\/v2\/comments?post=39"}],"version-history":[{"count":1,"href":"https:\/\/www.vilaweb.cat\/comunitat\/wp-json\/wp\/v2\/pages\/39\/revisions"}],"predecessor-version":[{"id":40,"href":"https:\/\/www.vilaweb.cat\/comunitat\/wp-json\/wp\/v2\/pages\/39\/revisions\/40"}],"wp:attachment":[{"href":"https:\/\/www.vilaweb.cat\/comunitat\/wp-json\/wp\/v2\/media?parent=39"}],"curies":[{"name":"wp","href":"https:\/\/api.w.org\/{rel}","templated":true}]}}