{"id":9061,"date":"2019-09-11T12:05:11","date_gmt":"2019-09-11T10:05:11","guid":{"rendered":"https:\/\/www.vilaweb.cat\/botiga\/?post_type=product&#038;p=9061"},"modified":"2025-12-23T16:53:09","modified_gmt":"2025-12-23T15:53:09","slug":"samarreta-broquil-xs","status":"publish","type":"product","link":"https:\/\/www.vilaweb.cat\/botiga\/producte\/samarreta-broquil-xs\/","title":{"rendered":"Samarreta S&#8217;ha acabat el br\u00f2quil"},"content":{"rendered":"","protected":false},"excerpt":{"rendered":"<p>Samarreta unisex de cot\u00f3 &#8216;S&#8217;ha acabat el br\u00f2quil&#8217;<\/p>\n<p>&nbsp;<\/p>\n<p>editada per Catalunyam<\/p>\n","protected":false},"featured_media":30176,"template":"","meta":[],"product_cat":[421,284,286],"product_tag":[],"_links":{"self":[{"href":"https:\/\/www.vilaweb.cat\/botiga\/wp-json\/wp\/v2\/product\/9061"}],"collection":[{"href":"https:\/\/www.vilaweb.cat\/botiga\/wp-json\/wp\/v2\/product"}],"about":[{"href":"https:\/\/www.vilaweb.cat\/botiga\/wp-json\/wp\/v2\/types\/product"}],"wp:featuredmedia":[{"embeddable":true,"href":"https:\/\/www.vilaweb.cat\/botiga\/wp-json\/wp\/v2\/media\/30176"}],"wp:attachment":[{"href":"https:\/\/www.vilaweb.cat\/botiga\/wp-json\/wp\/v2\/media?parent=9061"}],"wp:term":[{"taxonomy":"product_cat","embeddable":true,"href":"https:\/\/www.vilaweb.cat\/botiga\/wp-json\/wp\/v2\/product_cat?post=9061"},{"taxonomy":"product_tag","embeddable":true,"href":"https:\/\/www.vilaweb.cat\/botiga\/wp-json\/wp\/v2\/product_tag?post=9061"}],"curies":[{"name":"wp","href":"https:\/\/api.w.org\/{rel}","templated":true}]}}