{"id":858,"date":"2018-11-12T19:36:45","date_gmt":"2018-11-12T18:36:45","guid":{"rendered":"https:\/\/tww.vilaweb.cat\/botiga\/?post_type=product&#038;p=858"},"modified":"2025-08-31T20:44:44","modified_gmt":"2025-08-31T18:44:44","slug":"samarreta-sense-desobediencia","status":"publish","type":"product","link":"https:\/\/www.vilaweb.cat\/botiga\/producte\/samarreta-sense-desobediencia\/","title":{"rendered":"Samarreta &#8216;Sense desobedi\u00e8ncia&#8217;"},"content":{"rendered":"","protected":false},"excerpt":{"rendered":"<p>Samarreta de cot\u00f3 de qualitat de color verd, amb el lema en groc &#8216;Sense desobedi\u00e8ncia no hi ha independ\u00e8ncia!&#8217; per mostrar el teu esperit rebel i les teves ganes de mantenir-te ferm.<\/p>\n","protected":false},"featured_media":860,"template":"","meta":[],"product_cat":[421,284,286],"product_tag":[],"_links":{"self":[{"href":"https:\/\/www.vilaweb.cat\/botiga\/wp-json\/wp\/v2\/product\/858"}],"collection":[{"href":"https:\/\/www.vilaweb.cat\/botiga\/wp-json\/wp\/v2\/product"}],"about":[{"href":"https:\/\/www.vilaweb.cat\/botiga\/wp-json\/wp\/v2\/types\/product"}],"wp:featuredmedia":[{"embeddable":true,"href":"https:\/\/www.vilaweb.cat\/botiga\/wp-json\/wp\/v2\/media\/860"}],"wp:attachment":[{"href":"https:\/\/www.vilaweb.cat\/botiga\/wp-json\/wp\/v2\/media?parent=858"}],"wp:term":[{"taxonomy":"product_cat","embeddable":true,"href":"https:\/\/www.vilaweb.cat\/botiga\/wp-json\/wp\/v2\/product_cat?post=858"},{"taxonomy":"product_tag","embeddable":true,"href":"https:\/\/www.vilaweb.cat\/botiga\/wp-json\/wp\/v2\/product_tag?post=858"}],"curies":[{"name":"wp","href":"https:\/\/api.w.org\/{rel}","templated":true}]}}