{"id":833,"date":"2018-11-12T19:18:25","date_gmt":"2018-11-12T18:18:25","guid":{"rendered":"https:\/\/tww.vilaweb.cat\/botiga\/?post_type=product&#038;p=833"},"modified":"2026-02-20T12:01:23","modified_gmt":"2026-02-20T11:01:23","slug":"samarreta-el-rei-de-les-calcotades","status":"publish","type":"product","link":"https:\/\/www.vilaweb.cat\/botiga\/producte\/samarreta-el-rei-de-les-calcotades\/","title":{"rendered":"Samarreta &#8216;El rei de les cal\u00e7otades&#8217;"},"content":{"rendered":"","protected":false},"excerpt":{"rendered":"<p>Samarreta de cot\u00f3 de qualitat de color grana\u00a0amb el lema &#8216;El rei de les cal\u00e7otades&#8217;. Un obsequi ideal per a la persona que sempre s&#8217;encarrega de preparar-ho tot perqu\u00e8 surti la millor cal\u00e7otada.<\/p>\n","protected":false},"featured_media":1216,"template":"","meta":[],"product_cat":[284,286],"product_tag":[],"_links":{"self":[{"href":"https:\/\/www.vilaweb.cat\/botiga\/wp-json\/wp\/v2\/product\/833"}],"collection":[{"href":"https:\/\/www.vilaweb.cat\/botiga\/wp-json\/wp\/v2\/product"}],"about":[{"href":"https:\/\/www.vilaweb.cat\/botiga\/wp-json\/wp\/v2\/types\/product"}],"wp:featuredmedia":[{"embeddable":true,"href":"https:\/\/www.vilaweb.cat\/botiga\/wp-json\/wp\/v2\/media\/1216"}],"wp:attachment":[{"href":"https:\/\/www.vilaweb.cat\/botiga\/wp-json\/wp\/v2\/media?parent=833"}],"wp:term":[{"taxonomy":"product_cat","embeddable":true,"href":"https:\/\/www.vilaweb.cat\/botiga\/wp-json\/wp\/v2\/product_cat?post=833"},{"taxonomy":"product_tag","embeddable":true,"href":"https:\/\/www.vilaweb.cat\/botiga\/wp-json\/wp\/v2\/product_tag?post=833"}],"curies":[{"name":"wp","href":"https:\/\/api.w.org\/{rel}","templated":true}]}}