{"id":816,"date":"2018-11-12T19:02:51","date_gmt":"2018-11-12T18:02:51","guid":{"rendered":"https:\/\/tww.vilaweb.cat\/botiga\/?post_type=product&#038;p=816"},"modified":"2026-02-01T21:40:55","modified_gmt":"2026-02-01T20:40:55","slug":"samarreta-guanyarem","status":"publish","type":"product","link":"https:\/\/www.vilaweb.cat\/botiga\/producte\/samarreta-guanyarem\/","title":{"rendered":"Samarreta &#8216;Guanyarem&#8217;"},"content":{"rendered":"","protected":false},"excerpt":{"rendered":"<p>Samarreta de cot\u00f3 de qualitat de color verd amb la imatge d&#8217;una manifestaci\u00f3 independentista que porten una pancarta amb el lema &#8216;Guanyarem&#8217; i la silueta del mapa dels Pa\u00efsos Catalans.<\/p>\n","protected":false},"featured_media":818,"template":"","meta":[],"product_cat":[421,284,286],"product_tag":[],"_links":{"self":[{"href":"https:\/\/www.vilaweb.cat\/botiga\/wp-json\/wp\/v2\/product\/816"}],"collection":[{"href":"https:\/\/www.vilaweb.cat\/botiga\/wp-json\/wp\/v2\/product"}],"about":[{"href":"https:\/\/www.vilaweb.cat\/botiga\/wp-json\/wp\/v2\/types\/product"}],"wp:featuredmedia":[{"embeddable":true,"href":"https:\/\/www.vilaweb.cat\/botiga\/wp-json\/wp\/v2\/media\/818"}],"wp:attachment":[{"href":"https:\/\/www.vilaweb.cat\/botiga\/wp-json\/wp\/v2\/media?parent=816"}],"wp:term":[{"taxonomy":"product_cat","embeddable":true,"href":"https:\/\/www.vilaweb.cat\/botiga\/wp-json\/wp\/v2\/product_cat?post=816"},{"taxonomy":"product_tag","embeddable":true,"href":"https:\/\/www.vilaweb.cat\/botiga\/wp-json\/wp\/v2\/product_tag?post=816"}],"curies":[{"name":"wp","href":"https:\/\/api.w.org\/{rel}","templated":true}]}}