{"id":813,"date":"2018-11-12T19:00:20","date_gmt":"2018-11-12T18:00:20","guid":{"rendered":"https:\/\/tww.vilaweb.cat\/botiga\/?post_type=product&#038;p=813"},"modified":"2026-03-06T17:31:59","modified_gmt":"2026-03-06T16:31:59","slug":"samarreta-el-calcot","status":"publish","type":"product","link":"https:\/\/www.vilaweb.cat\/botiga\/producte\/samarreta-el-calcot\/","title":{"rendered":"Samarreta &#8216;El Cal\u00e7ot&#8217;"},"content":{"rendered":"","protected":false},"excerpt":{"rendered":"<p>Samarreta de cot\u00f3 de qualitat amb la frase &#8216;El cal\u00e7ot. La cosa nostra&#8217; impresa al pit, imitant la gran pel\u00b7l\u00edcula &#8216;Il Padrino&#8217;, amb el dibuix d&#8217;un cal\u00e7ot i, una m\u00e0, manegant una titella. Per anar ben equipat de cal\u00e7otada!<\/p>\n","protected":false},"featured_media":1217,"template":"","meta":[],"product_cat":[284,286],"product_tag":[],"_links":{"self":[{"href":"https:\/\/www.vilaweb.cat\/botiga\/wp-json\/wp\/v2\/product\/813"}],"collection":[{"href":"https:\/\/www.vilaweb.cat\/botiga\/wp-json\/wp\/v2\/product"}],"about":[{"href":"https:\/\/www.vilaweb.cat\/botiga\/wp-json\/wp\/v2\/types\/product"}],"wp:featuredmedia":[{"embeddable":true,"href":"https:\/\/www.vilaweb.cat\/botiga\/wp-json\/wp\/v2\/media\/1217"}],"wp:attachment":[{"href":"https:\/\/www.vilaweb.cat\/botiga\/wp-json\/wp\/v2\/media?parent=813"}],"wp:term":[{"taxonomy":"product_cat","embeddable":true,"href":"https:\/\/www.vilaweb.cat\/botiga\/wp-json\/wp\/v2\/product_cat?post=813"},{"taxonomy":"product_tag","embeddable":true,"href":"https:\/\/www.vilaweb.cat\/botiga\/wp-json\/wp\/v2\/product_tag?post=813"}],"curies":[{"name":"wp","href":"https:\/\/api.w.org\/{rel}","templated":true}]}}