{"id":810,"date":"2018-11-12T18:57:55","date_gmt":"2018-11-12T17:57:55","guid":{"rendered":"https:\/\/tww.vilaweb.cat\/botiga\/?post_type=product&#038;p=810"},"modified":"2024-08-05T10:35:26","modified_gmt":"2024-08-05T08:35:26","slug":"samarreta-visca-la-terra","status":"publish","type":"product","link":"https:\/\/www.vilaweb.cat\/botiga\/producte\/samarreta-visca-la-terra\/","title":{"rendered":"Samarreta &#8216;Visca la terra&#8217;"},"content":{"rendered":"","protected":false},"excerpt":{"rendered":"<p>Samarreta de cot\u00f3 de qualitat de color gris amb el lema &#8216;Visca la Terra &#8211; Mori el mal govern&#8217;, i la inscripci\u00f3 &#8216;ni esquirols ni botiflers&#8217; sobre unes branques d&#8217;oliveres al m\u00e9s pur estil &#8216;llorers rurals&#8217;<\/p>\n","protected":false},"featured_media":812,"template":"","meta":[],"product_cat":[284,286],"product_tag":[],"_links":{"self":[{"href":"https:\/\/www.vilaweb.cat\/botiga\/wp-json\/wp\/v2\/product\/810"}],"collection":[{"href":"https:\/\/www.vilaweb.cat\/botiga\/wp-json\/wp\/v2\/product"}],"about":[{"href":"https:\/\/www.vilaweb.cat\/botiga\/wp-json\/wp\/v2\/types\/product"}],"wp:featuredmedia":[{"embeddable":true,"href":"https:\/\/www.vilaweb.cat\/botiga\/wp-json\/wp\/v2\/media\/812"}],"wp:attachment":[{"href":"https:\/\/www.vilaweb.cat\/botiga\/wp-json\/wp\/v2\/media?parent=810"}],"wp:term":[{"taxonomy":"product_cat","embeddable":true,"href":"https:\/\/www.vilaweb.cat\/botiga\/wp-json\/wp\/v2\/product_cat?post=810"},{"taxonomy":"product_tag","embeddable":true,"href":"https:\/\/www.vilaweb.cat\/botiga\/wp-json\/wp\/v2\/product_tag?post=810"}],"curies":[{"name":"wp","href":"https:\/\/api.w.org\/{rel}","templated":true}]}}