{"id":775,"date":"2018-09-09T17:01:52","date_gmt":"2018-09-09T15:01:52","guid":{"rendered":"https:\/\/tww.vilaweb.cat\/botiga\/?post_type=product&#038;p=775"},"modified":"2026-02-15T22:52:36","modified_gmt":"2026-02-15T21:52:36","slug":"diccionari-manual-de-llengua-catalana","status":"publish","type":"product","link":"https:\/\/www.vilaweb.cat\/botiga\/producte\/diccionari-manual-de-llengua-catalana\/","title":{"rendered":"Diccionari Manual de Llengua catalana"},"content":{"rendered":"<ul>\n<li>30.000 paraules i expressions del catal\u00e0 actual<\/li>\n<li>48.000 accepcions<\/li>\n<li>26.000 exemples que posen les paraules en context<\/li>\n<li>4.000 observacions gramaticals sobre l&#8217;\u00fas dels mots, les errades m\u00e9s freq\u00fcents i els barbarismes que s&#8217;han d&#8217;evitar<\/li>\n<li>Un diccionari actual per la selecci\u00f3 de mots i pel llenguatge de les definicions i exemples<\/li>\n<li>Un repertori que reflecteix el catal\u00e0 d&#8217;avui i d\u00f3na resposta als dubtes m\u00e9s freq\u00fcents dels parlants<\/li>\n<li>Amb una presentaci\u00f3 clara que permet consultar les paraules de manera f\u00e0cil i r\u00e0pida<\/li>\n<li>Un glossari de barbarismes que permet trobar l&#8217;equivalent en catal\u00e0 genu\u00ed<\/li>\n<li>Amb acc\u00e9s a la versi\u00f3 en l\u00ednia<\/li>\n<\/ul>\n","protected":false},"excerpt":{"rendered":"<p>Diccionari Manual de Llengua catalana<\/p>\n<p>Amb l&#8217;assessorament de Pau Vidal<\/p>\n<p>30.000 paraules &#8211; 4.000 observacions d&#8217;\u00fas<\/p>\n<p>Larousse Editorial &#8211; Vox diccionaris<\/p>\n","protected":false},"featured_media":776,"template":"","meta":[],"product_cat":[48,18],"product_tag":[],"_links":{"self":[{"href":"https:\/\/www.vilaweb.cat\/botiga\/wp-json\/wp\/v2\/product\/775"}],"collection":[{"href":"https:\/\/www.vilaweb.cat\/botiga\/wp-json\/wp\/v2\/product"}],"about":[{"href":"https:\/\/www.vilaweb.cat\/botiga\/wp-json\/wp\/v2\/types\/product"}],"wp:featuredmedia":[{"embeddable":true,"href":"https:\/\/www.vilaweb.cat\/botiga\/wp-json\/wp\/v2\/media\/776"}],"wp:attachment":[{"href":"https:\/\/www.vilaweb.cat\/botiga\/wp-json\/wp\/v2\/media?parent=775"}],"wp:term":[{"taxonomy":"product_cat","embeddable":true,"href":"https:\/\/www.vilaweb.cat\/botiga\/wp-json\/wp\/v2\/product_cat?post=775"},{"taxonomy":"product_tag","embeddable":true,"href":"https:\/\/www.vilaweb.cat\/botiga\/wp-json\/wp\/v2\/product_tag?post=775"}],"curies":[{"name":"wp","href":"https:\/\/api.w.org\/{rel}","templated":true}]}}