{"id":695,"date":"2018-11-08T19:48:47","date_gmt":"2018-11-08T18:48:47","guid":{"rendered":"https:\/\/tww.vilaweb.cat\/botiga\/?post_type=product&#038;p=695"},"modified":"2025-12-19T11:24:33","modified_gmt":"2025-12-19T10:24:33","slug":"xapa-antimonarquia","status":"publish","type":"product","link":"https:\/\/www.vilaweb.cat\/botiga\/producte\/xapa-antimonarquia\/","title":{"rendered":"Xapa Antimonarquia"},"content":{"rendered":"","protected":false},"excerpt":{"rendered":"<p>Xapa plastificada de 25mm de di\u00e0metre amb el s\u00edmbol antimon\u00e0rquic.<\/p>\n<p>&nbsp;<\/p>\n","protected":false},"featured_media":696,"template":"","meta":[],"product_cat":[62,398],"product_tag":[],"_links":{"self":[{"href":"https:\/\/www.vilaweb.cat\/botiga\/wp-json\/wp\/v2\/product\/695"}],"collection":[{"href":"https:\/\/www.vilaweb.cat\/botiga\/wp-json\/wp\/v2\/product"}],"about":[{"href":"https:\/\/www.vilaweb.cat\/botiga\/wp-json\/wp\/v2\/types\/product"}],"wp:featuredmedia":[{"embeddable":true,"href":"https:\/\/www.vilaweb.cat\/botiga\/wp-json\/wp\/v2\/media\/696"}],"wp:attachment":[{"href":"https:\/\/www.vilaweb.cat\/botiga\/wp-json\/wp\/v2\/media?parent=695"}],"wp:term":[{"taxonomy":"product_cat","embeddable":true,"href":"https:\/\/www.vilaweb.cat\/botiga\/wp-json\/wp\/v2\/product_cat?post=695"},{"taxonomy":"product_tag","embeddable":true,"href":"https:\/\/www.vilaweb.cat\/botiga\/wp-json\/wp\/v2\/product_tag?post=695"}],"curies":[{"name":"wp","href":"https:\/\/api.w.org\/{rel}","templated":true}]}}