{"id":678,"date":"2018-11-08T19:24:55","date_gmt":"2018-11-08T18:24:55","guid":{"rendered":"https:\/\/tww.vilaweb.cat\/botiga\/?post_type=product&#038;p=678"},"modified":"2026-01-16T18:52:11","modified_gmt":"2026-01-16T17:52:11","slug":"xapa-bandera-negra","status":"publish","type":"product","link":"https:\/\/www.vilaweb.cat\/botiga\/producte\/xapa-bandera-negra\/","title":{"rendered":"Xapa Donec Perficiam"},"content":{"rendered":"","protected":false},"excerpt":{"rendered":"<p>Xapa de 3,5 cm de di\u00e0metre, amb la bandera negra de Santa Eul\u00e0lia, s\u00edmbol de la no-rendici\u00f3.<\/p>\n","protected":false},"featured_media":31190,"template":"","meta":[],"product_cat":[398,62],"product_tag":[],"_links":{"self":[{"href":"https:\/\/www.vilaweb.cat\/botiga\/wp-json\/wp\/v2\/product\/678"}],"collection":[{"href":"https:\/\/www.vilaweb.cat\/botiga\/wp-json\/wp\/v2\/product"}],"about":[{"href":"https:\/\/www.vilaweb.cat\/botiga\/wp-json\/wp\/v2\/types\/product"}],"wp:featuredmedia":[{"embeddable":true,"href":"https:\/\/www.vilaweb.cat\/botiga\/wp-json\/wp\/v2\/media\/31190"}],"wp:attachment":[{"href":"https:\/\/www.vilaweb.cat\/botiga\/wp-json\/wp\/v2\/media?parent=678"}],"wp:term":[{"taxonomy":"product_cat","embeddable":true,"href":"https:\/\/www.vilaweb.cat\/botiga\/wp-json\/wp\/v2\/product_cat?post=678"},{"taxonomy":"product_tag","embeddable":true,"href":"https:\/\/www.vilaweb.cat\/botiga\/wp-json\/wp\/v2\/product_tag?post=678"}],"curies":[{"name":"wp","href":"https:\/\/api.w.org\/{rel}","templated":true}]}}