{"id":515,"date":"2018-11-07T19:58:48","date_gmt":"2018-11-07T18:58:48","guid":{"rendered":"https:\/\/tww.vilaweb.cat\/botiga\/?post_type=product&#038;p=515"},"modified":"2026-01-27T13:35:46","modified_gmt":"2026-01-27T12:35:46","slug":"carcassonne","status":"publish","type":"product","link":"https:\/\/www.vilaweb.cat\/botiga\/producte\/carcassonne\/","title":{"rendered":"Carcassonne"},"content":{"rendered":"<p>La ciutat occitana de Carcassona \u00e9s famosa per les seves extraordin\u00e0ries fortificacions medievals, que envolten tota la vila vella. En aquest joc, els jugadors intentaran fer-se amb el control de la regi\u00f3 i de les seves ciutats, camins, camps i monestirs. Per aconseguir-ho hauran de col\u00b7locar estrat\u00e8gicament les peces de territori i els seus seguidors. L&#8217;original sistema de joc de Carcassonne, en qu\u00e8 el tauler va prenen forma a mesura que passen els torns, garanteix que cada partida sigui una experi\u00e8ncia completament diferent.<\/p>\n","protected":false},"excerpt":{"rendered":"<p>Carcassonne \u00e9s un joc d&#8217;estrat\u00e8gia senzill que presenta desafiament nous a cada torn.<\/p>\n<p>Caracter\u00edstiques del joc:<\/p>\n<ul>\n<li>Edat: a partir de 7 anys<\/li>\n<li>Jugadors: de 2 a 5<\/li>\n<li>Duraci\u00f3 de la partida: 35 minuts<\/li>\n<\/ul>\n","protected":false},"featured_media":516,"template":"","meta":[],"product_cat":[59],"product_tag":[],"_links":{"self":[{"href":"https:\/\/www.vilaweb.cat\/botiga\/wp-json\/wp\/v2\/product\/515"}],"collection":[{"href":"https:\/\/www.vilaweb.cat\/botiga\/wp-json\/wp\/v2\/product"}],"about":[{"href":"https:\/\/www.vilaweb.cat\/botiga\/wp-json\/wp\/v2\/types\/product"}],"wp:featuredmedia":[{"embeddable":true,"href":"https:\/\/www.vilaweb.cat\/botiga\/wp-json\/wp\/v2\/media\/516"}],"wp:attachment":[{"href":"https:\/\/www.vilaweb.cat\/botiga\/wp-json\/wp\/v2\/media?parent=515"}],"wp:term":[{"taxonomy":"product_cat","embeddable":true,"href":"https:\/\/www.vilaweb.cat\/botiga\/wp-json\/wp\/v2\/product_cat?post=515"},{"taxonomy":"product_tag","embeddable":true,"href":"https:\/\/www.vilaweb.cat\/botiga\/wp-json\/wp\/v2\/product_tag?post=515"}],"curies":[{"name":"wp","href":"https:\/\/api.w.org\/{rel}","templated":true}]}}