{"id":509,"date":"2018-11-07T19:34:48","date_gmt":"2018-11-07T18:34:48","guid":{"rendered":"https:\/\/tww.vilaweb.cat\/botiga\/?post_type=product&#038;p=509"},"modified":"2025-12-30T17:59:39","modified_gmt":"2025-12-30T16:59:39","slug":"catan","status":"publish","type":"product","link":"https:\/\/www.vilaweb.cat\/botiga\/producte\/catan\/","title":{"rendered":"Catan"},"content":{"rendered":"<p><em><strong>Catan<\/strong> <\/em>\u00e9s com heu batejat l&#8217;illa que tu i els teus companys que acabeu de descobrir. En sou els primers habitants. Constru\u00efu poblats i carreteres. Comercieu en mat\u00e8ries primeres, i els poblats es converteixen en ciutats. L&#8217;espai de l&#8217;illa s&#8217;esgot\u00e0 r\u00e0pidament, i comencen les disputes pel terreny, les mat\u00e8ries primeres i el poder. Al final, una cosa est\u00e0 clara: <em>Catan<\/em> nom\u00e9s pot tenir un \u00fanic sobir\u00e0.<\/p>\n","protected":false},"excerpt":{"rendered":"<p>Joc de taula per tota la fam\u00edlia. Colonitza, comercia, costrueix.<\/p>\n<p>Caracter\u00edstiques del joc:<\/p>\n<ul>\n<li>Edat: a partir de 10 anys<\/li>\n<li>Jugadors: 3-4<\/li>\n<li>Duraci\u00f3 de la partida: 75 minuts<\/li>\n<\/ul>\n","protected":false},"featured_media":510,"template":"","meta":[],"product_cat":[59],"product_tag":[],"_links":{"self":[{"href":"https:\/\/www.vilaweb.cat\/botiga\/wp-json\/wp\/v2\/product\/509"}],"collection":[{"href":"https:\/\/www.vilaweb.cat\/botiga\/wp-json\/wp\/v2\/product"}],"about":[{"href":"https:\/\/www.vilaweb.cat\/botiga\/wp-json\/wp\/v2\/types\/product"}],"wp:featuredmedia":[{"embeddable":true,"href":"https:\/\/www.vilaweb.cat\/botiga\/wp-json\/wp\/v2\/media\/510"}],"wp:attachment":[{"href":"https:\/\/www.vilaweb.cat\/botiga\/wp-json\/wp\/v2\/media?parent=509"}],"wp:term":[{"taxonomy":"product_cat","embeddable":true,"href":"https:\/\/www.vilaweb.cat\/botiga\/wp-json\/wp\/v2\/product_cat?post=509"},{"taxonomy":"product_tag","embeddable":true,"href":"https:\/\/www.vilaweb.cat\/botiga\/wp-json\/wp\/v2\/product_tag?post=509"}],"curies":[{"name":"wp","href":"https:\/\/api.w.org\/{rel}","templated":true}]}}