{"id":501,"date":"2018-11-07T19:01:42","date_gmt":"2018-11-07T18:01:42","guid":{"rendered":"https:\/\/tww.vilaweb.cat\/botiga\/?post_type=product&#038;p=501"},"modified":"2025-12-09T18:03:45","modified_gmt":"2025-12-09T17:03:45","slug":"expansio-de-la-fallera-calavera","status":"publish","type":"product","link":"https:\/\/www.vilaweb.cat\/botiga\/producte\/expansio-de-la-fallera-calavera\/","title":{"rendered":"La Fallera Calavera 2. Expansi\u00f3"},"content":{"rendered":"<p><em>La\u00a0<span class=\"il\">Fallera<\/span>\u00a0Calavera 2: els ingredients de la disc\u00f2rdia<\/em>\u00a0\u00e9s una expansi\u00f3\u00a0del joc original de la\u00a0<span class=\"il\">Fallera<\/span>\u00a0Calavera, \u00e9s a dir, no \u00e9s un joc independent,\u00a0sin\u00f3 una ampliaci\u00f3 que es ven per separat i inclou 52 cartes noves que s&#8217;han\u00a0d&#8217;afegir al\u00a0joc primigeni. No es pot jugar a La\u00a0<span class=\"il\">Fallera\u00a0<\/span>Calavera 2 sense La\u00a0<span class=\"il\">Fallera<\/span>\u00a0Calavera. Una vegada afegides les cartes noves, haurem creat una gran\u00a0baralla de m\u00e9s de 150 cartes que, a m\u00e9s, permetr\u00e0 ampliar el nombre de jugadors\u00a0fins a 6. Igual que en\u00a0el joc original, a La\u00a0<span class=\"il\">Fallera<\/span>\u00a0Calavera 2 els jugadors\u00a0hauran de trobar 5 ingredients per preparar una paella que calme la ira de La\u00a0<span class=\"il\">Fallera<\/span>\u00a0Calavera. No obstant aix\u00f2, esta expansi\u00f3 inclou ingredients nous que\u00a0podrien no agradar a la zombi i causar-li un\u00a0cabreig monumental. A m\u00e9s,\u00a0l&#8217;ampliaci\u00f3 incorpora un nou element jugable: la moneda d&#8217;humor. Esta moneda,\u00a0que consta d&#8217;una cara amb una\u00a0<span class=\"il\">fallera<\/span>\u00a0contenta i una altra amb una\u00a0<span class=\"il\">fallera<\/span>\u00a0enfadada, servir\u00e0 per determinar l&#8217;humor de la morta\u00a0protagonista en moments\u00a0clau del joc.<\/p>\n","protected":false},"excerpt":{"rendered":"<p><strong>Els ingredients de la disc\u00f2rdia.<\/strong><\/p>\n<p>Requereix el joc original. Afegix 52 cartes noves i una moneda d\u2019humor per fer encara m\u00e9s divertida l\u2019experi\u00e8ncia!<\/p>\n","protected":false},"featured_media":42114,"template":"","meta":[],"product_cat":[59,421],"product_tag":[],"_links":{"self":[{"href":"https:\/\/www.vilaweb.cat\/botiga\/wp-json\/wp\/v2\/product\/501"}],"collection":[{"href":"https:\/\/www.vilaweb.cat\/botiga\/wp-json\/wp\/v2\/product"}],"about":[{"href":"https:\/\/www.vilaweb.cat\/botiga\/wp-json\/wp\/v2\/types\/product"}],"wp:featuredmedia":[{"embeddable":true,"href":"https:\/\/www.vilaweb.cat\/botiga\/wp-json\/wp\/v2\/media\/42114"}],"wp:attachment":[{"href":"https:\/\/www.vilaweb.cat\/botiga\/wp-json\/wp\/v2\/media?parent=501"}],"wp:term":[{"taxonomy":"product_cat","embeddable":true,"href":"https:\/\/www.vilaweb.cat\/botiga\/wp-json\/wp\/v2\/product_cat?post=501"},{"taxonomy":"product_tag","embeddable":true,"href":"https:\/\/www.vilaweb.cat\/botiga\/wp-json\/wp\/v2\/product_tag?post=501"}],"curies":[{"name":"wp","href":"https:\/\/api.w.org\/{rel}","templated":true}]}}