{"id":48685,"date":"2026-05-04T17:42:56","date_gmt":"2026-05-04T15:42:56","guid":{"rendered":"https:\/\/www.vilaweb.cat\/botiga\/?post_type=product&#038;p=48685"},"modified":"2026-05-05T18:54:43","modified_gmt":"2026-05-05T16:54:43","slug":"cardem-en-catala","status":"publish","type":"product","link":"https:\/\/www.vilaweb.cat\/botiga\/producte\/cardem-en-catala\/","title":{"rendered":"Cardem en Catal\u00e0"},"content":{"rendered":"<p><b>Un llibre que recull mots i terminologia sexuals per parlar de sexe sense tab\u00fas<\/b><\/p>\n<p>En catal\u00e0 tenim un munt de paraules per referir-nos al sexe, perqu\u00e8 tenim un argot ric i vers\u00e0til. Gr\u00e0cies a aquest llibre, descobrireu que no ens cal rec\u00f3rrer a altres lleng\u00fces per parlar de sexualitat. De paraules, no ens en falten! Per exemple, per no dir\u00a0<i>polla<\/i>, el mot m\u00e9s est\u00e8s, els autors proposen, entre d&#8217;altres,\u00a0<i>alberg\u00ednia<\/i>,\u00a0<i>antena<\/i>,\u00a0<i>bengala<\/i>,\u00a0<i>broca<\/i>,\u00a0<i>bufador\u00a0<\/i>o\u00a0<i>canari<\/i>\u00a0i per referir-nos a la\u00a0<i>vulva<\/i>, a m\u00e9s de\u00a0<i>cony<\/i>, tenim paraules com ara\u00a0<i>amagatall<\/i>,\u00a0<i>br\u00f2quil<\/i>,\u00a0<i>carxofa<\/i>,\u00a0<i>figa<\/i>,\u00a0<i>magrana\u00a0<\/i>i\u00a0<i>musclo<\/i>.<\/p>\n<p>Un llibre pr\u00e0ctic, desacomplexat i amb tocs d&#8217;humor, que inclou tamb\u00e9 frases fetes i rodolins, varietats dialectals i informaci\u00f3 etimol\u00f2gica sobre el vocabulari que ens cal per cardar en catal\u00e0.<\/p>\n","protected":false},"excerpt":{"rendered":"<p>AUTOR: Miras, Roger<br \/>\nISBN: 9791387653033<br \/>\nEDICI\u00d3: 1a<br \/>\nENQUADERNACI\u00d3: R\u00fastica<br \/>\nFORMAT: 21 cm x 14 cm<br \/>\nP\u00c0GINES:240<br \/>\nIDIOMA: Catal\u00e0<\/p>\n","protected":false},"featured_media":48686,"template":"","meta":[],"product_cat":[42,18],"product_tag":[],"_links":{"self":[{"href":"https:\/\/www.vilaweb.cat\/botiga\/wp-json\/wp\/v2\/product\/48685"}],"collection":[{"href":"https:\/\/www.vilaweb.cat\/botiga\/wp-json\/wp\/v2\/product"}],"about":[{"href":"https:\/\/www.vilaweb.cat\/botiga\/wp-json\/wp\/v2\/types\/product"}],"wp:featuredmedia":[{"embeddable":true,"href":"https:\/\/www.vilaweb.cat\/botiga\/wp-json\/wp\/v2\/media\/48686"}],"wp:attachment":[{"href":"https:\/\/www.vilaweb.cat\/botiga\/wp-json\/wp\/v2\/media?parent=48685"}],"wp:term":[{"taxonomy":"product_cat","embeddable":true,"href":"https:\/\/www.vilaweb.cat\/botiga\/wp-json\/wp\/v2\/product_cat?post=48685"},{"taxonomy":"product_tag","embeddable":true,"href":"https:\/\/www.vilaweb.cat\/botiga\/wp-json\/wp\/v2\/product_tag?post=48685"}],"curies":[{"name":"wp","href":"https:\/\/api.w.org\/{rel}","templated":true}]}}