{"id":48180,"date":"2026-04-10T18:32:00","date_gmt":"2026-04-10T16:32:00","guid":{"rendered":"https:\/\/www.vilaweb.cat\/botiga\/?post_type=product&#038;p=48180"},"modified":"2026-04-14T10:40:59","modified_gmt":"2026-04-14T08:40:59","slug":"polsera-rosa-de-sant-jordi","status":"publish","type":"product","link":"https:\/\/www.vilaweb.cat\/botiga\/producte\/polsera-rosa-de-sant-jordi\/","title":{"rendered":"Polsera Rosa de Sant Jordi"},"content":{"rendered":"","protected":false},"excerpt":{"rendered":"<p>Joia de plata, feta a m\u00e0 per\u00a0<span class=\"hiddenSpellError\">tTjoies (model nou)<\/span><\/p>\n<p>Si, en el moment de la compra, l&#8217;article apareix com a &#8220;reserva&#8221;, el temps d&#8217;espera ser\u00e0 d\u2019una setmana, perqu\u00e8 \u00e9s una joia feta a m\u00e0.<\/p>\n","protected":false},"featured_media":48172,"template":"","meta":[],"product_cat":[295,62,307,102],"product_tag":[],"_links":{"self":[{"href":"https:\/\/www.vilaweb.cat\/botiga\/wp-json\/wp\/v2\/product\/48180"}],"collection":[{"href":"https:\/\/www.vilaweb.cat\/botiga\/wp-json\/wp\/v2\/product"}],"about":[{"href":"https:\/\/www.vilaweb.cat\/botiga\/wp-json\/wp\/v2\/types\/product"}],"wp:featuredmedia":[{"embeddable":true,"href":"https:\/\/www.vilaweb.cat\/botiga\/wp-json\/wp\/v2\/media\/48172"}],"wp:attachment":[{"href":"https:\/\/www.vilaweb.cat\/botiga\/wp-json\/wp\/v2\/media?parent=48180"}],"wp:term":[{"taxonomy":"product_cat","embeddable":true,"href":"https:\/\/www.vilaweb.cat\/botiga\/wp-json\/wp\/v2\/product_cat?post=48180"},{"taxonomy":"product_tag","embeddable":true,"href":"https:\/\/www.vilaweb.cat\/botiga\/wp-json\/wp\/v2\/product_tag?post=48180"}],"curies":[{"name":"wp","href":"https:\/\/api.w.org\/{rel}","templated":true}]}}