{"id":48168,"date":"2026-04-10T17:52:27","date_gmt":"2026-04-10T15:52:27","guid":{"rendered":"https:\/\/www.vilaweb.cat\/botiga\/?post_type=product&#038;p=48168"},"modified":"2026-04-14T14:50:37","modified_gmt":"2026-04-14T12:50:37","slug":"penjoll-rosa-de-sant-jordi-2","status":"publish","type":"product","link":"https:\/\/www.vilaweb.cat\/botiga\/producte\/penjoll-rosa-de-sant-jordi-2\/","title":{"rendered":"Penjoll Rosa de Sant Jordi"},"content":{"rendered":"<p><span class=\"im\">Penjoll de plata inspirat a la rosa de Sant Jordi, en plata de llei (nou model).<br \/>\n<\/span>10 mm de llarg, feta amb plata de llei certificada pel Responsible Jewellery Council (RJC). Aix\u00f2 garanteix que la plata prov\u00e9 de mines europees que compleixen els requisits m\u00e9s exigents en seguretat ambiental i drets humans, cosa que n&#8217;assegura una producci\u00f3 \u00e8tica. El penjoll inclou una cadena de plata ajustable de 40 cm a 44 cm.<\/p>\n","protected":false},"excerpt":{"rendered":"<p>Joia de plata, feta a m\u00e0 per\u00a0<span class=\"hiddenSpellError\">tTjoies (model nou)<\/span><\/p>\n<p>Si, en el moment de la compra, l&#8217;article apareix com a &#8220;reserva&#8221;, el temps d&#8217;espera ser\u00e0 d\u2019una setmana, perqu\u00e8 \u00e9s una joia feta a m\u00e0.<\/p>\n","protected":false},"featured_media":48177,"template":"","meta":[],"product_cat":[295,62,307,102],"product_tag":[],"_links":{"self":[{"href":"https:\/\/www.vilaweb.cat\/botiga\/wp-json\/wp\/v2\/product\/48168"}],"collection":[{"href":"https:\/\/www.vilaweb.cat\/botiga\/wp-json\/wp\/v2\/product"}],"about":[{"href":"https:\/\/www.vilaweb.cat\/botiga\/wp-json\/wp\/v2\/types\/product"}],"wp:featuredmedia":[{"embeddable":true,"href":"https:\/\/www.vilaweb.cat\/botiga\/wp-json\/wp\/v2\/media\/48177"}],"wp:attachment":[{"href":"https:\/\/www.vilaweb.cat\/botiga\/wp-json\/wp\/v2\/media?parent=48168"}],"wp:term":[{"taxonomy":"product_cat","embeddable":true,"href":"https:\/\/www.vilaweb.cat\/botiga\/wp-json\/wp\/v2\/product_cat?post=48168"},{"taxonomy":"product_tag","embeddable":true,"href":"https:\/\/www.vilaweb.cat\/botiga\/wp-json\/wp\/v2\/product_tag?post=48168"}],"curies":[{"name":"wp","href":"https:\/\/api.w.org\/{rel}","templated":true}]}}