{"id":480,"date":"2018-11-07T16:10:15","date_gmt":"2018-11-07T15:10:15","guid":{"rendered":"https:\/\/tww.vilaweb.cat\/botiga\/?post_type=product&#038;p=480"},"modified":"2025-09-12T16:56:51","modified_gmt":"2025-09-12T14:56:51","slug":"kit-jubilacio","status":"publish","type":"product","link":"https:\/\/www.vilaweb.cat\/botiga\/producte\/kit-jubilacio\/","title":{"rendered":"Kit Jubilaci\u00f3"},"content":{"rendered":"<p>EL KIT INCLOU<\/p>\n<p>&#8211; Llibreta : per apuntar tot all\u00f2 que voldr\u00e0s i podr\u00e0s fer<br \/>\n&#8211; Corda: perqu\u00e8 encara et queda corda per estona<br \/>\n&#8211; Coix\u00ed: per fer llargues migdiades<br \/>\n&#8211; Xumet: per gaudir dels m\u00e9s petits de la fam\u00edlia<br \/>\n&#8211; Pinzell: per descobrir nous hobbies i aficions<br \/>\n&#8211; Domin\u00f3: a partir d\u2019ara tindr\u00e0s temps de fer la partideta<br \/>\n&#8211; Rellotge de sorra: per substituir-me pel teu despertador<br \/>\n&#8211; Poci\u00f3: nom\u00e9s tu, tens la f\u00f3rmula de la felicitat<br \/>\n&#8211; Identificador de maletes: aprofita els avantatges, IMSERSO all\u00e0 vinc!<br \/>\n&#8211; Crema: Perqu\u00e8 toca cuidar-se per dins i per fora<\/p>\n<p>&#8211; Felicitaci\u00f3 + sobre: Petites felicitacions per una gran jubilaci\u00f3 (perfecte per signar tots els companys de feina)<\/p>\n","protected":false},"excerpt":{"rendered":"<p>Regal de felicitaci\u00f3 original per als futurs jubilats.<\/p>\n","protected":false},"featured_media":1323,"template":"","meta":[],"product_cat":[102],"product_tag":[],"_links":{"self":[{"href":"https:\/\/www.vilaweb.cat\/botiga\/wp-json\/wp\/v2\/product\/480"}],"collection":[{"href":"https:\/\/www.vilaweb.cat\/botiga\/wp-json\/wp\/v2\/product"}],"about":[{"href":"https:\/\/www.vilaweb.cat\/botiga\/wp-json\/wp\/v2\/types\/product"}],"wp:featuredmedia":[{"embeddable":true,"href":"https:\/\/www.vilaweb.cat\/botiga\/wp-json\/wp\/v2\/media\/1323"}],"wp:attachment":[{"href":"https:\/\/www.vilaweb.cat\/botiga\/wp-json\/wp\/v2\/media?parent=480"}],"wp:term":[{"taxonomy":"product_cat","embeddable":true,"href":"https:\/\/www.vilaweb.cat\/botiga\/wp-json\/wp\/v2\/product_cat?post=480"},{"taxonomy":"product_tag","embeddable":true,"href":"https:\/\/www.vilaweb.cat\/botiga\/wp-json\/wp\/v2\/product_tag?post=480"}],"curies":[{"name":"wp","href":"https:\/\/api.w.org\/{rel}","templated":true}]}}