{"id":47890,"date":"2026-03-24T18:31:20","date_gmt":"2026-03-24T17:31:20","guid":{"rendered":"https:\/\/www.vilaweb.cat\/botiga\/?post_type=product&#038;p=47890"},"modified":"2026-03-24T18:53:03","modified_gmt":"2026-03-24T17:53:03","slug":"que-te-un-nuvol","status":"publish","type":"product","link":"https:\/\/www.vilaweb.cat\/botiga\/producte\/que-te-un-nuvol\/","title":{"rendered":"Qu\u00e8 t\u00e9 un n\u00favol?"},"content":{"rendered":"","protected":false},"excerpt":{"rendered":"<p>AUTOR: Valles, Tina<br \/>\nISBN: 9791387594152<br \/>\nEDICI\u00d3: 1a<br \/>\nENQUADERNACI\u00d3: R\u00fastica<br \/>\nFORMAT: 21 cm x 14 cm<br \/>\nP\u00c0GINES: 72<br \/>\nIDIOMA: Catal\u00e0<\/p>\n","protected":false},"featured_media":47891,"template":"","meta":[],"product_cat":[47,18],"product_tag":[],"_links":{"self":[{"href":"https:\/\/www.vilaweb.cat\/botiga\/wp-json\/wp\/v2\/product\/47890"}],"collection":[{"href":"https:\/\/www.vilaweb.cat\/botiga\/wp-json\/wp\/v2\/product"}],"about":[{"href":"https:\/\/www.vilaweb.cat\/botiga\/wp-json\/wp\/v2\/types\/product"}],"wp:featuredmedia":[{"embeddable":true,"href":"https:\/\/www.vilaweb.cat\/botiga\/wp-json\/wp\/v2\/media\/47891"}],"wp:attachment":[{"href":"https:\/\/www.vilaweb.cat\/botiga\/wp-json\/wp\/v2\/media?parent=47890"}],"wp:term":[{"taxonomy":"product_cat","embeddable":true,"href":"https:\/\/www.vilaweb.cat\/botiga\/wp-json\/wp\/v2\/product_cat?post=47890"},{"taxonomy":"product_tag","embeddable":true,"href":"https:\/\/www.vilaweb.cat\/botiga\/wp-json\/wp\/v2\/product_tag?post=47890"}],"curies":[{"name":"wp","href":"https:\/\/api.w.org\/{rel}","templated":true}]}}