{"id":47802,"date":"2026-03-20T18:42:05","date_gmt":"2026-03-20T17:42:05","guid":{"rendered":"https:\/\/www.vilaweb.cat\/botiga\/?post_type=product&#038;p=47802"},"modified":"2026-04-14T10:08:03","modified_gmt":"2026-04-14T08:08:03","slug":"crispetes-de-matinada","status":"publish","type":"product","link":"https:\/\/www.vilaweb.cat\/botiga\/producte\/crispetes-de-matinada\/","title":{"rendered":"Crispetes de matinada"},"content":{"rendered":"<p><b>\u00abBuscaves un lloc on pert\u00e0nyer, buscaves gent que, potser com tu, tamb\u00e9 tenia un somni.\u00bb<\/b><\/p>\n<p>La Rita vol escriure una novel\u00b7la. O potser vol deixar de mentir quan diu que ho est\u00e0 fent. Han passat vuit anys des que va descobrir la seva vocaci\u00f3 a Atlanta, envoltada d&#8217;una fam\u00edlia peculiar, i des d&#8217;aleshores encadena feines prec\u00e0ries i entrepans de llonganissa, i viu amb la sensaci\u00f3 persistent de no acabar d&#8217;encaixar enlloc. Tot canvia quan, en una Barcelona vibrant i de nits que no s&#8217;acaben mai, coneix altres persones que tamb\u00e9 empaiten all\u00f2 que les fa sentir vives, i descobreix amistats indestructibles i amors que arriben desafiant el dest\u00ed.<\/p>\n<p>Amb humor i lucidesa,\u00a0<i>Crispetes de matinada<\/i>\u00a0explora el coratge de voler ser un mateix i mostra la bellesa dels camins que no hav\u00edem previst rec\u00f3rrer. Perqu\u00e8 potser no tots els somnis es compleixen, per\u00f2 algunes persones no deixen de perseguir-los mai amb l&#8217;esperan\u00e7a que es facin realitat.<\/p>\n<p>Regina Rodr\u00edguez Sirvent, amb una veu fresca, divertida i profundament honesta, obre de nou les portes de l&#8217;univers que va convertir\u00a0<i>Les calces al sol\u00a0<\/i>en un gran fenomen de la narrativa catalana i que ara ens descobreix una Rita Racons que ha crescut sense perdre l&#8217;humor ni la capacitat de transformar la vida quotidiana en una aventura \u00e8pica. En una vida de la qual \u00e9s impossible no escriure una can\u00e7\u00f3.<\/p>\n","protected":false},"excerpt":{"rendered":"<p><span style=\"color: #ff6600;\"><strong>LLIBRE SIGNAT PER SANT JORDI<\/strong><\/span><\/p>\n<p>Fins al<strong> 14\u00a0d\u2019abril<\/strong> podeu triar entre tot un ventall d\u2019autors i rebre&#8217;n el llibre dedicat i signat. Les compres de llibres signats s&#8217;hauran de fer a la <a href=\"https:\/\/www.vilaweb.cat\/botiga\/categoria-producte\/sant-jordi\/\"><b>Botiga en l\u00ednia.<\/b><\/a><\/p>\n<p><b>No agafem els enc\u00e0rrecs presencialment a la Botiga.<\/b><\/p>\n<p>Si \u00e9s un llibre que voleu regalar, ens podeu<b> indicar el nom <\/b>a qui s\u2019ha d\u2019adre\u00e7ar l\u2019autor, a l\u2019apartat <b>&#8220;notes de la comanda&#8221; <\/b>en el moment de formalitzar-la. Altrament, <b>es far\u00e0 una dedicat\u00f2ria gen\u00e8rica, no nominal.<\/b><\/p>\n<p>Us deixem <strong><a href=\"https:\/\/www.vilaweb.cat\/botiga\/categoria-producte\/sant-jordi\/\">la llista<\/a><\/strong> de llibres que podeu encarregar.<\/p>\n<p>* Les comandes de llibres estaran a punt i s&#8217;enviaran a partir del 15 d&#8217;abril perqu\u00e8 els rebeu abans de Sant Jordi, independentment del dia de la compra.<\/p>\n<p>AUTOR: Rodriguez Sirvent, Regina<br \/>\nISBN: 9788419245519<br \/>\nEDICI\u00d3: 1a<br \/>\nENQUADERNACI\u00d3: R\u00fastica<br \/>\nFORMAT: 23 cm x 15 cm<br \/>\nP\u00c0GINES: 464<br \/>\nIDIOMA: Catal\u00e0<\/p>\n","protected":false},"featured_media":47803,"template":"","meta":[],"product_cat":[42,45,18,423],"product_tag":[],"_links":{"self":[{"href":"https:\/\/www.vilaweb.cat\/botiga\/wp-json\/wp\/v2\/product\/47802"}],"collection":[{"href":"https:\/\/www.vilaweb.cat\/botiga\/wp-json\/wp\/v2\/product"}],"about":[{"href":"https:\/\/www.vilaweb.cat\/botiga\/wp-json\/wp\/v2\/types\/product"}],"wp:featuredmedia":[{"embeddable":true,"href":"https:\/\/www.vilaweb.cat\/botiga\/wp-json\/wp\/v2\/media\/47803"}],"wp:attachment":[{"href":"https:\/\/www.vilaweb.cat\/botiga\/wp-json\/wp\/v2\/media?parent=47802"}],"wp:term":[{"taxonomy":"product_cat","embeddable":true,"href":"https:\/\/www.vilaweb.cat\/botiga\/wp-json\/wp\/v2\/product_cat?post=47802"},{"taxonomy":"product_tag","embeddable":true,"href":"https:\/\/www.vilaweb.cat\/botiga\/wp-json\/wp\/v2\/product_tag?post=47802"}],"curies":[{"name":"wp","href":"https:\/\/api.w.org\/{rel}","templated":true}]}}