{"id":47770,"date":"2026-03-18T19:24:34","date_gmt":"2026-03-18T18:24:34","guid":{"rendered":"https:\/\/www.vilaweb.cat\/botiga\/?post_type=product&#038;p=47770"},"modified":"2026-04-07T16:13:09","modified_gmt":"2026-04-07T14:13:09","slug":"lespasa-del-rei","status":"publish","type":"product","link":"https:\/\/www.vilaweb.cat\/botiga\/producte\/lespasa-del-rei\/","title":{"rendered":"L&#8217;espasa del rei"},"content":{"rendered":"<div class=\"container\">\n<div class=\"row\">\n<div class=\"col-lg-12\">\n<div id=\"libro__sinopsis\" class=\"row\">\n<div class=\"col-12\">\n<div id=\"sinopsis__text\">\n<p><strong>EL FINAL M\u00c9S ESPERAT\u00a0D\u2019UNA GRAN TRILOGIA<\/strong><\/p>\n<div>\n<p>Despr\u00e9s de l\u2019\u00e8xit esclatant de\u00a0<i>La Germandat de l\u2019\u00c0ngel Caigut\u00a0<\/i>(Premi Josep Pla 2024) i\u00a0<i>La calavera de l\u2019ap\u00f2stol<\/i>, Jaume Clotet culmina la trilogia amb la novel\u00b7la m\u00e9s ambiciosa i poderosa de la s\u00e8rie.\u00a0<i>L\u2019espasa del rei\u00a0<\/i>uneix el passat m\u00edtic de Catalunya amb una aventura trepidant a Terra Santa, en qu\u00e8 els fills del rei Jaume \u2014Pere i Ferran\u2014 i el cavaller Galceran de Pin\u00f3s s\u2019enfronten a un mal que transcendeix la hist\u00f2ria: el mateix Satan\u00e0s. La desaparici\u00f3 de l\u2019espasa de virtut Vilardella, pe\u00e7a clau de llegendes medievals i arma que \u2014segons les cr\u00f2niques\u2014 mai no pot ser derrotada, arrossega els protagonistes a una croada plena de tra\u00efcions, revelacions i batalles impossibles. Des de Santa Pau fins a Acre, la novel\u00b7la avan\u00e7a amb un ritme narratiu que sedueix tant els amants de la novel\u00b7la hist\u00f2rica com els lectors de grans aventures. Amb aquest volum, Clotet tanca el cercle amb un relat monumental amb un final tan \u00e8pic com inesperat per a una saga que ha conquistat milers de lectors.<\/p>\n<p>&nbsp;<\/p>\n<p>\u00abUna novel\u00b7la que enganxa tant que la devores\u00bb. Antoni Bassas<\/p>\n<p>\u00abUna hist\u00f2ria que atrapa des del primer moment i que no vols que s\u2019acabi mai\u00bb. Xavier Grasset<\/p>\n<p>\u00abM\u2019agraden els llibres que devores d\u2019una tirada. Aquest n\u2019\u00e9s un. Un thriller molt emocionant\u00bb. Gemma Nierga<\/p>\n<p>\u00ab\u00c9s com una pel\u00b7l\u00edcula d\u2019aventures, un gran thriller. En vull m\u00e9s!\u00bb. Ricard Ustrell<\/p>\n<p>\u00abUna combinaci\u00f3 de thriller religi\u00f3s, novel\u00b7la hist\u00f2rica i elements fant\u00e0stics, id\u00f2nia per arribar a nous lectors\u00bb. Vicen\u00e7 Villatoro<\/p>\n<\/div>\n<div>\n<div><\/div>\n<\/div>\n<\/div>\n<\/div>\n<\/div>\n<\/div>\n<\/div>\n<\/div>\n<section id=\"otros-titulos\" class=\"carousel-section bg-color--light-grey\">\n<div class=\"container\">\n<div class=\"row\">\n<div class=\"col\"><\/div>\n<\/div>\n<\/div>\n<\/section>\n","protected":false},"excerpt":{"rendered":"<p><span style=\"color: #ff6600;\"><strong>LLIBRE SIGNAT PER SANT JORDI<\/strong><\/span><\/p>\n<p>Fins al<strong> 14\u00a0d\u2019abril<\/strong> podeu triar entre tot un ventall d\u2019autors i rebre&#8217;n el llibre dedicat i signat. Les compres de llibres signats s&#8217;hauran de fer a la <a href=\"https:\/\/www.vilaweb.cat\/botiga\/categoria-producte\/sant-jordi\/\"><b>Botiga en l\u00ednia.<\/b><\/a><\/p>\n<p><b>No agafem els enc\u00e0rrecs presencialment a la Botiga.<\/b><\/p>\n<p>Si \u00e9s un llibre que voleu regalar, ens podeu<b> indicar el nom <\/b>a qui s\u2019ha d\u2019adre\u00e7ar l\u2019autor, a l\u2019apartat <b>&#8220;notes de la comanda&#8221; <\/b>en el moment de formalitzar-la. Altrament, <b>es far\u00e0 una dedicat\u00f2ria gen\u00e8rica, no nominal.<\/b><\/p>\n<p>Us deixem <strong><a href=\"https:\/\/www.vilaweb.cat\/botiga\/categoria-producte\/sant-jordi\/\">la llista<\/a><\/strong> de llibres que podeu encarregar.<\/p>\n<p>* Les comandes de llibres estaran a punt i s&#8217;enviaran a partir del 15 d&#8217;abril perqu\u00e8 els rebeu abans de Sant Jordi, independentment del dia de la compra.<\/p>\n<p>AUTOR: Clotet, Jaume<br \/>\nISBN: 9788466434799<br \/>\nEDICI\u00d3: 1a<br \/>\nENQUADERNACI\u00d3: R\u00fastica<br \/>\nFORMAT: 23 cm x 15 cm<br \/>\nP\u00c0GINES: 336<br \/>\nIDIOMA: Catal\u00e0<\/p>\n","protected":false},"featured_media":47771,"template":"","meta":[],"product_cat":[49,18,423],"product_tag":[],"_links":{"self":[{"href":"https:\/\/www.vilaweb.cat\/botiga\/wp-json\/wp\/v2\/product\/47770"}],"collection":[{"href":"https:\/\/www.vilaweb.cat\/botiga\/wp-json\/wp\/v2\/product"}],"about":[{"href":"https:\/\/www.vilaweb.cat\/botiga\/wp-json\/wp\/v2\/types\/product"}],"wp:featuredmedia":[{"embeddable":true,"href":"https:\/\/www.vilaweb.cat\/botiga\/wp-json\/wp\/v2\/media\/47771"}],"wp:attachment":[{"href":"https:\/\/www.vilaweb.cat\/botiga\/wp-json\/wp\/v2\/media?parent=47770"}],"wp:term":[{"taxonomy":"product_cat","embeddable":true,"href":"https:\/\/www.vilaweb.cat\/botiga\/wp-json\/wp\/v2\/product_cat?post=47770"},{"taxonomy":"product_tag","embeddable":true,"href":"https:\/\/www.vilaweb.cat\/botiga\/wp-json\/wp\/v2\/product_tag?post=47770"}],"curies":[{"name":"wp","href":"https:\/\/api.w.org\/{rel}","templated":true}]}}