{"id":47768,"date":"2026-03-18T19:21:01","date_gmt":"2026-03-18T18:21:01","guid":{"rendered":"https:\/\/www.vilaweb.cat\/botiga\/?post_type=product&#038;p=47768"},"modified":"2026-04-29T19:46:29","modified_gmt":"2026-04-29T17:46:29","slug":"instruccions-per-viure-sense-ella","status":"publish","type":"product","link":"https:\/\/www.vilaweb.cat\/botiga\/producte\/instruccions-per-viure-sense-ella\/","title":{"rendered":"Instruccions per viure sense ella"},"content":{"rendered":"<div class=\"container\">\n<div class=\"row\">\n<div class=\"col-lg-12\">\n<div id=\"libro__sinopsis\" class=\"row\">\n<div class=\"col-12\">\n<div id=\"sinopsis__text\">\n<p><strong>UNA NOVEL\u00b7LA BRILLANT. UNA CELEBRACI\u00d3 DE LA VIDA. Amb la lucidesa, l\u2019humor i la rauxa d\u2019Empar Moliner<\/strong><\/p>\n<p>Quan a la Cl\u00e0udia Pruna li anuncien que li queda poc temps de vida, decideix organitzar la seva desaparici\u00f3 d\u2019una manera tan pragm\u00e0tica com ins\u00f2lita, continuar publicant els seus articles quan ja no hi sigui. Per aix\u00f2 recluta un jove bibliotecari que l\u2019admira, l\u2019instal\u00b7la a la seva masia del Montseny i el converteix en c\u00f2mplice involuntari d\u2019una operaci\u00f3 liter\u00e0ria i vital que desafia tots els l\u00edmits de la intimitat.\u00a0<i>lnstruccions per viure sense ella\u00a0<\/i>\u00e9s una novel\u00b7la que sacseja. Una obra madura que confirma la pot\u00e8ncia liter\u00e0ria d\u2019Empar Moliner.<\/p>\n<\/div>\n<\/div>\n<\/div>\n<\/div>\n<\/div>\n<\/div>\n<section id=\"otros-titulos\" class=\"carousel-section bg-color--light-grey\">\n<div class=\"container\">\n<div class=\"row\">\n<div class=\"col\"><\/div>\n<\/div>\n<\/div>\n<\/section>\n","protected":false},"excerpt":{"rendered":"<p>AUTOR: Empar Moliner<br \/>\nISBN: 9788466434775<br \/>\nEDICI\u00d3: 1a<br \/>\nENQUADERNACI\u00d3: R\u00fastica<br \/>\nFORMAT: 23 cm x 15 cm<br \/>\nP\u00c0GINES: 224<br \/>\nIDIOMA: Catal\u00e0<\/p>\n","protected":false},"featured_media":47769,"template":"","meta":[],"product_cat":[49,18,423],"product_tag":[],"_links":{"self":[{"href":"https:\/\/www.vilaweb.cat\/botiga\/wp-json\/wp\/v2\/product\/47768"}],"collection":[{"href":"https:\/\/www.vilaweb.cat\/botiga\/wp-json\/wp\/v2\/product"}],"about":[{"href":"https:\/\/www.vilaweb.cat\/botiga\/wp-json\/wp\/v2\/types\/product"}],"wp:featuredmedia":[{"embeddable":true,"href":"https:\/\/www.vilaweb.cat\/botiga\/wp-json\/wp\/v2\/media\/47769"}],"wp:attachment":[{"href":"https:\/\/www.vilaweb.cat\/botiga\/wp-json\/wp\/v2\/media?parent=47768"}],"wp:term":[{"taxonomy":"product_cat","embeddable":true,"href":"https:\/\/www.vilaweb.cat\/botiga\/wp-json\/wp\/v2\/product_cat?post=47768"},{"taxonomy":"product_tag","embeddable":true,"href":"https:\/\/www.vilaweb.cat\/botiga\/wp-json\/wp\/v2\/product_tag?post=47768"}],"curies":[{"name":"wp","href":"https:\/\/api.w.org\/{rel}","templated":true}]}}