{"id":47766,"date":"2026-03-18T19:18:19","date_gmt":"2026-03-18T18:18:19","guid":{"rendered":"https:\/\/www.vilaweb.cat\/botiga\/?post_type=product&#038;p=47766"},"modified":"2026-04-23T13:08:27","modified_gmt":"2026-04-23T11:08:27","slug":"el-bon-gust","status":"publish","type":"product","link":"https:\/\/www.vilaweb.cat\/botiga\/producte\/el-bon-gust\/","title":{"rendered":"El bon gust"},"content":{"rendered":"<div class=\"container\">\n<div class=\"row\">\n<div class=\"col-lg-12\">\n<div id=\"libro__sinopsis\" class=\"row\">\n<div class=\"col-12\">\n<div id=\"sinopsis__text\">\n<p>Un viatge pel temps, el pa\u00eds i el paladar.<\/p>\n<p>Hi ha gustos que formen el car\u00e0cter, que arrelen i que deixen empremta.<\/p>\n<p>Amb una prosa atenta i evocadora, Xavier Grasset ens convida a fer un viatge per la mem\u00f2ria personal i col\u00b7lectiva a trav\u00e9s del menjar, la cultura, la conversa, el territori i la gent que ens ha precedit. El bon gust \u00e9s un recull de textos que mariden la nost\u00e0lgia amb la reflexi\u00f3, el detall quotidi\u00e0 amb la mirada ampla del periodista i la tradici\u00f3 amb la sensibilitat contempor\u00e0nia.<\/p>\n<p>El bon gust \u00e9s una celebraci\u00f3 del temps lent i de les coses que fan que la vida tingui aroma i textura, en la qual l&#8217;autor ens parla de sabors i sabers, d&#8217;abs\u00e8ncies que perduren i de paisatges que configuren una manera de ser. Un homenatge l\u00facid i emotiu a all\u00f2 que ens defineix, escrit amb l&#8217;eleg\u00e0ncia i la humanitat d&#8217;alg\u00fa que sap observar i narrar.<\/p>\n<p>Entre el record i la festa, aquests escrits de mem\u00f2ria tracen un retrat l\u00fadic i profund de la cultura catalana contempor\u00e0nia.<\/p>\n<p>Perqu\u00e8 recordar tamb\u00e9 \u00e9s un acte de resist\u00e8ncia. I de bon gust.<\/p>\n<\/div>\n<\/div>\n<\/div>\n<\/div>\n<\/div>\n<\/div>\n<section id=\"otros-titulos\" class=\"carousel-section bg-color--light-grey\">\n<div class=\"container\">\n<div class=\"row\">\n<div class=\"col\"><\/div>\n<\/div>\n<\/div>\n<\/section>\n","protected":false},"excerpt":{"rendered":"<p>AUTOR: Grasset I Foraster, Xavier<br \/>\nISBN: 9791387564025<br \/>\nEDICI\u00d3: 1a<br \/>\nENQUADERNACI\u00d3: R\u00fastica<br \/>\nFORMAT: 23 cm x 15 cm<br \/>\nP\u00c0GINES: 240<br \/>\nIDIOMA: Catal\u00e0<\/p>\n","protected":false},"featured_media":47767,"template":"","meta":[],"product_cat":[207,18,423],"product_tag":[],"_links":{"self":[{"href":"https:\/\/www.vilaweb.cat\/botiga\/wp-json\/wp\/v2\/product\/47766"}],"collection":[{"href":"https:\/\/www.vilaweb.cat\/botiga\/wp-json\/wp\/v2\/product"}],"about":[{"href":"https:\/\/www.vilaweb.cat\/botiga\/wp-json\/wp\/v2\/types\/product"}],"wp:featuredmedia":[{"embeddable":true,"href":"https:\/\/www.vilaweb.cat\/botiga\/wp-json\/wp\/v2\/media\/47767"}],"wp:attachment":[{"href":"https:\/\/www.vilaweb.cat\/botiga\/wp-json\/wp\/v2\/media?parent=47766"}],"wp:term":[{"taxonomy":"product_cat","embeddable":true,"href":"https:\/\/www.vilaweb.cat\/botiga\/wp-json\/wp\/v2\/product_cat?post=47766"},{"taxonomy":"product_tag","embeddable":true,"href":"https:\/\/www.vilaweb.cat\/botiga\/wp-json\/wp\/v2\/product_tag?post=47766"}],"curies":[{"name":"wp","href":"https:\/\/api.w.org\/{rel}","templated":true}]}}