{"id":47764,"date":"2026-03-18T19:13:14","date_gmt":"2026-03-18T18:13:14","guid":{"rendered":"https:\/\/www.vilaweb.cat\/botiga\/?post_type=product&#038;p=47764"},"modified":"2026-04-17T19:00:44","modified_gmt":"2026-04-17T17:00:44","slug":"peixos","status":"publish","type":"product","link":"https:\/\/www.vilaweb.cat\/botiga\/producte\/peixos\/","title":{"rendered":"Peixos"},"content":{"rendered":"<div class=\"container\">\n<div class=\"row\">\n<div class=\"col-lg-12\">\n<div id=\"libro__sinopsis\" class=\"row\">\n<div class=\"col-12\">\n<div id=\"sinopsis__text\">\n<p><b>Despr\u00e9s del\u00a0<i>Tr\u00edptic<\/i>\u00a0que l\u2019ha fet mundialment coneguda, Eva Baltasar torna amb una hist\u00f2ria d\u00b4amor.<\/b><\/p>\n<p>A cada nova novel\u00b7la Baltasar ausculta les pulsions de la vida moderna, de la maternitat a l\u2019habitatge. Aquesta vegada ens fa assistir a una hist\u00f2ria d\u2019amor. De la m\u00e0 de l\u2019escriptora entrem a la casa encantada de la Vict\u00f2ria, plena de fetitxos, i amb el gos infernal que la guarda. La passi\u00f3 creix i creix com un embriac que puja una escala a les palpentes \u2014fins que es precipita al buit.<\/p>\n<p>A\u00a0<i>Peixos<\/i>\u00a0l\u2019enamorament i la bellesa van acompanyats d\u2019una sensaci\u00f3 d\u2019extrem perill.<\/p>\n<p>&#8220;Baltasar es inigualable en su manejo del misterio, su cualidad filos\u00f3fica, su sentido del humor y del rid\u00edculo. [&#8230;] no escribe, sino que muestra la vida secreta de todo lo que existe en bruto. Un cruce in\u00e9dito entre Lucia Berlin y Raymond Carver en las calles de la Barcelona contempor\u00e1nea&#8221;.\u00a0<b>Xita Rubert<\/b><\/p>\n<p>&#8220;Exquisita, oscura y poco convencional, Eva Baltasar convierte la intimidad en una aventura salvaje&#8221;\u00a0<b>Fernanda Melchor<\/b><\/p>\n<p>\u201cEs una escritora dur\u00edsima y muy original&#8221;\u00a0<b>Pedro Almod\u00f3var<\/b><\/p>\n<p>\u201cEl que llegeixo en Baltasar \u00e9s un crit desesperat i lucid\u00edssim d\u2019alerta: o ens ajudem de deb\u00f2 o la gran majoria podem caure al pou.\u201d\u00a0<b>Blanca Llum Vidal a\u00a0<i>Catorze<\/i><\/b><\/p>\n<p>\u201cSi en\u00a0<i>Ocaso<\/i>\u00a0la narraci\u00f3n es cruda, asfixiante y realista, la\u00a0<i>Fascinaci\u00f3n<\/i>\u00a0se transforma en un acto g\u00f3tico de alto voltaje m\u00edstico para esa protagonista. Una epifan\u00eda espiritual donde la autora arrasa con todo.\u201d\u00a0<b>Noelia Ram\u00edrez a\u00a0<i>El Pa\u00eds<\/i><\/b><\/p>\n<p>\u201cBatejar un personatge amb el nom de \u2018Samsa\u2019 \u00e9s una picada d\u2019ullet kafkiana evident.\u201d<b>Nadal Suau a\u00a0<i>El Cultural<\/i><\/b><\/p>\n<p>\u201cHay algo terrorista y terror\u00edfico en el desenlace de\u00a0<i>Ocaso y fascinaci\u00f3n<\/i>\u00a0que nos lleva a un cruce monstruoso y atrayente entre Haneke y Von Trier\u201d<b>Bruno Padilla del Valle a\u00a0<i>Mercurio<\/i><\/b><\/p>\n<p>\u201cLa narraci\u00f3n es cruda y asfixiante, ambigua, deprimente y esperanzada\u201d\u00a0<b>Marta Dom\u00ednguez a\u00a0<i>P\u00e1gina Dos<\/i><\/b><\/p>\n<p>\u201cLa protagonista voldria tenir una vida corrent sense renunciar al sentiment de tristesa davant del m\u00f3n i aix\u00f2 la fa psicol\u00f2gicament i moralment complexa.\u201d\u00a0<b>Juli\u00e0 Guillamon a\u00a0<i>La Vanguardia<\/i><\/b><\/p>\n<p>\u201cQuina habilitat, la de Baltasar per capturar la precarietat actual.\u201d\u00a0<b>Anna Guitart al\u00a0<i>Diari ARA<\/i><\/b><\/p>\n<\/div>\n<\/div>\n<\/div>\n<\/div>\n<\/div>\n<\/div>\n<section id=\"otros-titulos\" class=\"carousel-section bg-color--light-grey\">\n<div class=\"container\">\n<div class=\"row\">\n<div class=\"col\"><\/div>\n<\/div>\n<\/div>\n<\/section>\n","protected":false},"excerpt":{"rendered":"<p>AUTOR: Baltasar, Eva<br \/>\nISBN: 9788473295093<br \/>\nEDICI\u00d3: 1a<br \/>\nENQUADERNACI\u00d3: R\u00fastica<br \/>\nFORMAT: 21 cm x 13 cm<br \/>\nP\u00c0GINES: 186<br \/>\nIDIOMA: Catal\u00e0<\/p>\n","protected":false},"featured_media":47765,"template":"","meta":[],"product_cat":[49,18,423],"product_tag":[],"_links":{"self":[{"href":"https:\/\/www.vilaweb.cat\/botiga\/wp-json\/wp\/v2\/product\/47764"}],"collection":[{"href":"https:\/\/www.vilaweb.cat\/botiga\/wp-json\/wp\/v2\/product"}],"about":[{"href":"https:\/\/www.vilaweb.cat\/botiga\/wp-json\/wp\/v2\/types\/product"}],"wp:featuredmedia":[{"embeddable":true,"href":"https:\/\/www.vilaweb.cat\/botiga\/wp-json\/wp\/v2\/media\/47765"}],"wp:attachment":[{"href":"https:\/\/www.vilaweb.cat\/botiga\/wp-json\/wp\/v2\/media?parent=47764"}],"wp:term":[{"taxonomy":"product_cat","embeddable":true,"href":"https:\/\/www.vilaweb.cat\/botiga\/wp-json\/wp\/v2\/product_cat?post=47764"},{"taxonomy":"product_tag","embeddable":true,"href":"https:\/\/www.vilaweb.cat\/botiga\/wp-json\/wp\/v2\/product_tag?post=47764"}],"curies":[{"name":"wp","href":"https:\/\/api.w.org\/{rel}","templated":true}]}}