{"id":47760,"date":"2026-03-18T19:06:15","date_gmt":"2026-03-18T18:06:15","guid":{"rendered":"https:\/\/www.vilaweb.cat\/botiga\/?post_type=product&#038;p=47760"},"modified":"2026-03-18T19:43:54","modified_gmt":"2026-03-18T18:43:54","slug":"els-jardins-de-la-nora","status":"publish","type":"product","link":"https:\/\/www.vilaweb.cat\/botiga\/producte\/els-jardins-de-la-nora\/","title":{"rendered":"Els jardins de la Nora"},"content":{"rendered":"<div class=\"container\">\n<div class=\"row\">\n<div class=\"col-lg-12\">\n<div id=\"libro__sinopsis\" class=\"row\">\n<div class=\"col-12\">\n<div id=\"sinopsis__text\">Un retrat de la mis\u00e8ria moral del franquisme a Girona a trav\u00e9s dels ulls d\u2019una nena austr\u00edaca que \u00e9s adoptada per una fam\u00edlia del r\u00e8gim.<\/div>\n<\/div>\n<\/div>\n<\/div>\n<\/div>\n<\/div>\n<section id=\"otros-titulos\" class=\"carousel-section bg-color--light-grey\">\n<div class=\"container\">\n<div class=\"row\">\n<div class=\"col\"><\/div>\n<\/div>\n<\/div>\n<\/section>\n","protected":false},"excerpt":{"rendered":"<p>AUTOR: Salellas, Benet<br \/>\nISBN: 9788419721518<br \/>\nEDICI\u00d3: 1a<br \/>\nENQUADERNACI\u00d3: R\u00fastica<br \/>\nFORMAT: 21 cm x 13 cm<br \/>\nP\u00c0GINES: 176<br \/>\nIDIOMA: Catal\u00e0<\/p>\n","protected":false},"featured_media":47761,"template":"","meta":[],"product_cat":[49,18],"product_tag":[],"_links":{"self":[{"href":"https:\/\/www.vilaweb.cat\/botiga\/wp-json\/wp\/v2\/product\/47760"}],"collection":[{"href":"https:\/\/www.vilaweb.cat\/botiga\/wp-json\/wp\/v2\/product"}],"about":[{"href":"https:\/\/www.vilaweb.cat\/botiga\/wp-json\/wp\/v2\/types\/product"}],"wp:featuredmedia":[{"embeddable":true,"href":"https:\/\/www.vilaweb.cat\/botiga\/wp-json\/wp\/v2\/media\/47761"}],"wp:attachment":[{"href":"https:\/\/www.vilaweb.cat\/botiga\/wp-json\/wp\/v2\/media?parent=47760"}],"wp:term":[{"taxonomy":"product_cat","embeddable":true,"href":"https:\/\/www.vilaweb.cat\/botiga\/wp-json\/wp\/v2\/product_cat?post=47760"},{"taxonomy":"product_tag","embeddable":true,"href":"https:\/\/www.vilaweb.cat\/botiga\/wp-json\/wp\/v2\/product_tag?post=47760"}],"curies":[{"name":"wp","href":"https:\/\/api.w.org\/{rel}","templated":true}]}}