{"id":47758,"date":"2026-03-18T18:57:27","date_gmt":"2026-03-18T17:57:27","guid":{"rendered":"https:\/\/www.vilaweb.cat\/botiga\/?post_type=product&#038;p=47758"},"modified":"2026-03-18T19:43:54","modified_gmt":"2026-03-18T18:43:54","slug":"erem-tan-joves","status":"publish","type":"product","link":"https:\/\/www.vilaweb.cat\/botiga\/producte\/erem-tan-joves\/","title":{"rendered":"\u00c9rem tan joves"},"content":{"rendered":"<p>\u00c9rem tan joves \u00e9s el que solem dir quan mirem \u00e0lbums de fotos d\u2019abans. Som els mateixos i alhora som uns altres. Aquest llibre \u00e9s un \u00e0lbum de fotos sense fotos. Una evocaci\u00f3 de moments dol\u00e7os, tendres, alegres. Perqu\u00e8 solem fer fotos de les coses que volem recordar. Amb nost\u00e0lgia i una voluntat de fer mem\u00f2ria, S\u00edlvia Soler congela instants de vida, ens ensenya el pas del temps i aconsegueix que el lector pensi en els seus propis \u00e0lbums de fotos. I, per postres, unes fotografies impossibles, que mai no han existit i que l\u2019autora desitjaria que fossin reals.<\/p>\n","protected":false},"excerpt":{"rendered":"<p>AUTOR: Soler, Silvia<br \/>\nISBN: 9788419721525<br \/>\nEDICI\u00d3: 1a<br \/>\nENQUADERNACI\u00d3: R\u00fastica<br \/>\nFORMAT: 17 cm x 12 cm<br \/>\nP\u00c0GINES: 160<br \/>\nIDIOMA: Catal\u00e0<\/p>\n","protected":false},"featured_media":47759,"template":"","meta":[],"product_cat":[49,18],"product_tag":[],"_links":{"self":[{"href":"https:\/\/www.vilaweb.cat\/botiga\/wp-json\/wp\/v2\/product\/47758"}],"collection":[{"href":"https:\/\/www.vilaweb.cat\/botiga\/wp-json\/wp\/v2\/product"}],"about":[{"href":"https:\/\/www.vilaweb.cat\/botiga\/wp-json\/wp\/v2\/types\/product"}],"wp:featuredmedia":[{"embeddable":true,"href":"https:\/\/www.vilaweb.cat\/botiga\/wp-json\/wp\/v2\/media\/47759"}],"wp:attachment":[{"href":"https:\/\/www.vilaweb.cat\/botiga\/wp-json\/wp\/v2\/media?parent=47758"}],"wp:term":[{"taxonomy":"product_cat","embeddable":true,"href":"https:\/\/www.vilaweb.cat\/botiga\/wp-json\/wp\/v2\/product_cat?post=47758"},{"taxonomy":"product_tag","embeddable":true,"href":"https:\/\/www.vilaweb.cat\/botiga\/wp-json\/wp\/v2\/product_tag?post=47758"}],"curies":[{"name":"wp","href":"https:\/\/api.w.org\/{rel}","templated":true}]}}