{"id":47756,"date":"2026-03-18T18:49:02","date_gmt":"2026-03-18T17:49:02","guid":{"rendered":"https:\/\/www.vilaweb.cat\/botiga\/?post_type=product&#038;p=47756"},"modified":"2026-04-07T21:22:07","modified_gmt":"2026-04-07T19:22:07","slug":"la-mare","status":"publish","type":"product","link":"https:\/\/www.vilaweb.cat\/botiga\/producte\/la-mare\/","title":{"rendered":"La mare"},"content":{"rendered":"<p>El fr\u00e0gil joc d\u2019equilibris familiars i el pes que passa de mares a fillesSense fer soroll, Piedad ha estat el pilar de la fam\u00edlia durant anys: cuina, renta, organitza, \u00a0consola, preveu, mant\u00e9 la casa. Un dia t\u00e9 un accident i els fills descobreixen que no nom\u00e9s la mare s\u2019ha fet mal, sin\u00f3 que ha trontollat tot l\u2019equilibri familiar. Lorena, la filla, s\u2019escarrassa fent men\u00fas al bar del poble; Roberto treballa en una oficina banc\u00e0ria que va endeutar els seus amics i coneguts, i \u00c0lex, un picapedrer que t\u00e9 mandra de cr\u00e9ixer, s\u2019ha instal\u00b7lat c\u00f2modament amb un plat a la taula familiar. Quan la mare deixa de sostenir-ho tot, surten a la llum les depend\u00e8ncies, els silencis i les ren\u00fancies que havien fet possible l\u2019aparent normalitat.<br \/>\nAmb humor, tendresa i un sentit de la realitat que colpeix, La mare retrata el fr\u00e0gil joc d\u2019equilibris familiars i el pes que passa de mares a filles.<br \/>\nDespr\u00e9s de l\u2019excel\u00b7lent acollida de Casada i callada, Emma Zaf\u00f3n torna amb una novel\u00b7la que aprofundeix en els vincles familiars i en all\u00f2 que es transmet en silenci de generaci\u00f3 en generaci\u00f3.<\/p>\n","protected":false},"excerpt":{"rendered":"<p><span style=\"color: #ff6600;\"><strong>LLIBRE SIGNAT PER SANT JORDI<\/strong><\/span><\/p>\n<p>Fins al<strong> 14\u00a0d\u2019abril<\/strong> podeu triar entre tot un ventall d\u2019autors i rebre&#8217;n el llibre dedicat i signat. Les compres de llibres signats s&#8217;hauran de fer a la <a href=\"https:\/\/www.vilaweb.cat\/botiga\/categoria-producte\/sant-jordi\/\"><b>Botiga en l\u00ednia.<\/b><\/a><\/p>\n<p><b>No agafem els enc\u00e0rrecs presencialment a la Botiga.<\/b><\/p>\n<p>Si \u00e9s un llibre que voleu regalar, ens podeu<b> indicar el nom <\/b>a qui s\u2019ha d\u2019adre\u00e7ar l\u2019autor, a l\u2019apartat <b>&#8220;notes de la comanda&#8221; <\/b>en el moment de formalitzar-la. Altrament, <b>es far\u00e0 una dedicat\u00f2ria gen\u00e8rica, no nominal.<\/b><\/p>\n<p>Us deixem <strong><a href=\"https:\/\/www.vilaweb.cat\/botiga\/categoria-producte\/sant-jordi\/\">la llista<\/a><\/strong> de llibres que podeu encarregar.<\/p>\n<p>* Les comandes de llibres estaran a punt i s&#8217;enviaran a partir del 15 d&#8217;abril perqu\u00e8 els rebeu abans de Sant Jordi, independentment del dia de la compra.<\/p>\n<p>AUTOR: Zafon, Emma<br \/>\nISBN: 9791387736293<br \/>\nEDICI\u00d3: 1a<br \/>\nENQUADERNACI\u00d3: R\u00fastica<br \/>\nFORMAT: 20 cm x 13 cm<br \/>\nP\u00c0GINES: 200<br \/>\nIDIOMA: Catal\u00e0<\/p>\n","protected":false},"featured_media":47757,"template":"","meta":[],"product_cat":[423,18,49],"product_tag":[],"_links":{"self":[{"href":"https:\/\/www.vilaweb.cat\/botiga\/wp-json\/wp\/v2\/product\/47756"}],"collection":[{"href":"https:\/\/www.vilaweb.cat\/botiga\/wp-json\/wp\/v2\/product"}],"about":[{"href":"https:\/\/www.vilaweb.cat\/botiga\/wp-json\/wp\/v2\/types\/product"}],"wp:featuredmedia":[{"embeddable":true,"href":"https:\/\/www.vilaweb.cat\/botiga\/wp-json\/wp\/v2\/media\/47757"}],"wp:attachment":[{"href":"https:\/\/www.vilaweb.cat\/botiga\/wp-json\/wp\/v2\/media?parent=47756"}],"wp:term":[{"taxonomy":"product_cat","embeddable":true,"href":"https:\/\/www.vilaweb.cat\/botiga\/wp-json\/wp\/v2\/product_cat?post=47756"},{"taxonomy":"product_tag","embeddable":true,"href":"https:\/\/www.vilaweb.cat\/botiga\/wp-json\/wp\/v2\/product_tag?post=47756"}],"curies":[{"name":"wp","href":"https:\/\/api.w.org\/{rel}","templated":true}]}}