{"id":47754,"date":"2026-03-18T18:45:48","date_gmt":"2026-03-18T17:45:48","guid":{"rendered":"https:\/\/www.vilaweb.cat\/botiga\/?post_type=product&#038;p=47754"},"modified":"2026-03-23T10:42:38","modified_gmt":"2026-03-23T09:42:38","slug":"el-jardi-adormit","status":"publish","type":"product","link":"https:\/\/www.vilaweb.cat\/botiga\/producte\/el-jardi-adormit\/","title":{"rendered":"El jardi adormit"},"content":{"rendered":"<p>L&#8217;Iris viu a Londres, treballa en una gran entitat financera i sembla tenir-ho tot sota control, fins que la seva vida s&#8217;esmicola: la tra\u00efci\u00f3 del prom\u00e8s i una p\u00e8rdua irreparable que arrossega des de petita la deixen a la deriva. Aleshores, un anunci ins\u00f2lit li desperta l&#8217;atenci\u00f3: busquen alg\u00fa per tenir cura d&#8217;un jard\u00ed en una finca de l&#8217;Empord\u00e0. La frase \u00ababstenir-se persones alegres\u00bb li arrenca un somriure amarg. Per primer cop, sent que encaixa en algun lloc. Mentre far\u00e0 reviure el jard\u00ed adormit, l&#8217;Iris descobreix que tamb\u00e9 pot retornar la vida a la casa on es troba: fer emergir secrets silenciats, reconciliar mem\u00f2ries i alliberar aquells que hi romanen atrapats. En Marc, l&#8217;enigm\u00e0tic habitant de la finca, forma part d&#8217;aquestes ombres: un home ferit, marcat per la trag\u00e8dia, que guarda dins seu la clau de la veritat. Una hist\u00f2ria sobre el despertar d&#8217;una dona que ens endinsa en el fascinant m\u00f3n del llenguatge de les flors i el seu poder simb\u00f2lic.<\/p>\n","protected":false},"excerpt":{"rendered":"<p>AUTOR: Gracia Mercade, Carla<br \/>\nISBN: 9788419721488<br \/>\nEDICI\u00d3: 1a<br \/>\nENQUADERNACI\u00d3: R\u00fastica<br \/>\nFORMAT: 23 cm x 15 cm<br \/>\nP\u00c0GINES: 240<br \/>\nIDIOMA: Catal\u00e0<\/p>\n","protected":false},"featured_media":47755,"template":"","meta":[],"product_cat":[49,18],"product_tag":[],"_links":{"self":[{"href":"https:\/\/www.vilaweb.cat\/botiga\/wp-json\/wp\/v2\/product\/47754"}],"collection":[{"href":"https:\/\/www.vilaweb.cat\/botiga\/wp-json\/wp\/v2\/product"}],"about":[{"href":"https:\/\/www.vilaweb.cat\/botiga\/wp-json\/wp\/v2\/types\/product"}],"wp:featuredmedia":[{"embeddable":true,"href":"https:\/\/www.vilaweb.cat\/botiga\/wp-json\/wp\/v2\/media\/47755"}],"wp:attachment":[{"href":"https:\/\/www.vilaweb.cat\/botiga\/wp-json\/wp\/v2\/media?parent=47754"}],"wp:term":[{"taxonomy":"product_cat","embeddable":true,"href":"https:\/\/www.vilaweb.cat\/botiga\/wp-json\/wp\/v2\/product_cat?post=47754"},{"taxonomy":"product_tag","embeddable":true,"href":"https:\/\/www.vilaweb.cat\/botiga\/wp-json\/wp\/v2\/product_tag?post=47754"}],"curies":[{"name":"wp","href":"https:\/\/api.w.org\/{rel}","templated":true}]}}