{"id":47733,"date":"2026-03-16T18:29:58","date_gmt":"2026-03-16T17:29:58","guid":{"rendered":"https:\/\/www.vilaweb.cat\/botiga\/?post_type=product&#038;p=47733"},"modified":"2026-04-06T17:08:36","modified_gmt":"2026-04-06T15:08:36","slug":"el-monstre-judicial","status":"publish","type":"product","link":"https:\/\/www.vilaweb.cat\/botiga\/producte\/el-monstre-judicial\/","title":{"rendered":"El monstre judicial"},"content":{"rendered":"<p><b><i>El monstre judicial<\/i><\/b><i>.\u00a0<\/i>Editat per\u00a0<b>Josep Nualart Casulleras<\/b>\u00a0i amb pr\u00f2leg de\u00a0<b>Gonzalo Boye<\/b>, el volum inclou una llarga s\u00e8rie d\u2019entrevistes amb juristes, jutges i advocats (entre els quals hi ha Joaquim Bosch, Jos\u00e9 Antonio Mart\u00edn Pall\u00edn, Wolfgang Schomburg, Olga Tubau, Josep Casadevall, Benet Salellas, Aamer Anwar, Andreu Van den Eynde i Neus Torbisco) que construeixen una cr\u00edtica severa a una c\u00fapula judicial espanyola profundament antidemocr\u00e0tica i marcada per una obsessi\u00f3 malaltissa contra l\u2019independentisme catal\u00e0.<\/p>\n","protected":false},"excerpt":{"rendered":"<p><span style=\"color: #ff6600;\"><strong>LLIBRE SIGNAT PER SANT JORDI<\/strong><\/span><\/p>\n<p>Fins al<strong> 14\u00a0d\u2019abril<\/strong> podeu triar entre tot un ventall d\u2019autors i rebre&#8217;n el llibre dedicat i signat. Les compres de llibres signats s&#8217;hauran de fer a la <a href=\"https:\/\/www.vilaweb.cat\/botiga\/categoria-producte\/sant-jordi\/\"><b>Botiga en l\u00ednia.<\/b><\/a><\/p>\n<p><b>No agafem els enc\u00e0rrecs presencialment a la Botiga.<\/b><\/p>\n<p>Si \u00e9s un llibre que voleu regalar, ens podeu<b> indicar el nom <\/b>a qui s\u2019ha d\u2019adre\u00e7ar l\u2019autor, a l\u2019apartat <b>&#8220;notes de la comanda&#8221; <\/b>en el moment de formalitzar-la. Altrament, <b>es far\u00e0 una dedicat\u00f2ria gen\u00e8rica, no nominal.<\/b><\/p>\n<p>Us deixem <strong><a href=\"https:\/\/www.vilaweb.cat\/botiga\/categoria-producte\/sant-jordi\/\">la llista<\/a><\/strong> de llibres que podeu encarregar.<\/p>\n<p>* Les comandes de llibres estaran a punt i s&#8217;enviaran a partir del 15 d&#8217;abril perqu\u00e8 els rebeu abans de Sant Jordi, independentment del dia de la compra.<\/p>\n<p>AUTOR: Josep Nualart i Casulleras<br \/>\nISBN: 9788409815227<br \/>\nEDICI\u00d3: 1a<br \/>\nENQUADERNACI\u00d3: R\u00fastica<br \/>\nFORMAT: 20 cm x 13 cm<br \/>\nP\u00c0GINES: 160<br \/>\nIDIOMA: Catal\u00e0<\/p>\n","protected":false},"featured_media":47734,"template":"","meta":[],"product_cat":[423,18,42],"product_tag":[],"_links":{"self":[{"href":"https:\/\/www.vilaweb.cat\/botiga\/wp-json\/wp\/v2\/product\/47733"}],"collection":[{"href":"https:\/\/www.vilaweb.cat\/botiga\/wp-json\/wp\/v2\/product"}],"about":[{"href":"https:\/\/www.vilaweb.cat\/botiga\/wp-json\/wp\/v2\/types\/product"}],"wp:featuredmedia":[{"embeddable":true,"href":"https:\/\/www.vilaweb.cat\/botiga\/wp-json\/wp\/v2\/media\/47734"}],"wp:attachment":[{"href":"https:\/\/www.vilaweb.cat\/botiga\/wp-json\/wp\/v2\/media?parent=47733"}],"wp:term":[{"taxonomy":"product_cat","embeddable":true,"href":"https:\/\/www.vilaweb.cat\/botiga\/wp-json\/wp\/v2\/product_cat?post=47733"},{"taxonomy":"product_tag","embeddable":true,"href":"https:\/\/www.vilaweb.cat\/botiga\/wp-json\/wp\/v2\/product_tag?post=47733"}],"curies":[{"name":"wp","href":"https:\/\/api.w.org\/{rel}","templated":true}]}}