{"id":47686,"date":"2026-03-06T12:57:26","date_gmt":"2026-03-06T11:57:26","guid":{"rendered":"https:\/\/www.vilaweb.cat\/botiga\/?post_type=product&#038;p=47686"},"modified":"2026-03-22T11:26:17","modified_gmt":"2026-03-22T10:26:17","slug":"leclipsi-del-segle","status":"publish","type":"product","link":"https:\/\/www.vilaweb.cat\/botiga\/producte\/leclipsi-del-segle\/","title":{"rendered":"L&#8217;eclipsi del segle"},"content":{"rendered":"<p><strong>L&#8217;Eclipsi Del Segle &#8211; Guia Per Gaudir De L&#8217;Eclipsi Solar Total Del 12 D&#8217;Agost De 2026<\/strong><\/p>\n<p>IL\u00b7LUSTRACIONS DE MORAD ABSELAM TOTA LA INFORMACI\u00d3 QUE NECESSITES PER PLANIFICAR I TREURE EL M\u00c0XIM PARTIT D&#8217;AQUEST ESDEVENIMENT \u00daNIC!<\/p>\n<p>El 12 d&#8217;agost de 2026, el dia es far\u00e0 nit quan la silueta de la Lluna oculti del tot el disc del Sol. Aquell vespre, en moltes regions del nostre pa\u00eds podrem experimentar un eclipsi solar total, un dels espectacles m\u00e9s fascinants de la natura. * \u00c9s un esdeveniment \u00fanic i m\u00e9s val estar preparat! * Qu\u00e8 \u00e9s un eclipsi de Sol i per qu\u00e8 succeeix? * Com es desenvolupar\u00e0 i en quins detalls ens haurem de fixar? * En quins llocs ser\u00e0 total o parcial, i quins en seran els horaris? * Qu\u00e8 caldr\u00e0 tenir en compte per triar l&#8217;indret d&#8217;observaci\u00f3? * Quines s\u00f3n les mesures de protecci\u00f3 per veure&#8217;l de manera segura? * Qu\u00e8 cal esperar pel que fa a la mobilitat i com arranjar els despla\u00e7aments? * Com gaudirem de l&#8217;eclipsi de manera responsable amb l&#8217;entorn natural? * Com podrem fotografiar el fenomen?<\/p>\n<p>EN AQUESTA GUIA HI TROBAR\u00c0S TOTA LA INFORMACI\u00d3 QUE NECESSITES PER PLANIFICAR I TREURE EL M\u00c0XIM PARTIT DE L&#8217;ECLIPSI DEL SEGLE.<\/p>\n","protected":false},"excerpt":{"rendered":"<p>AUTOR: Abselam, Morad (Il. ) Catala Amigo, Joan Anton<br \/>\nISBN: 9788413565439<br \/>\nEDICI\u00d3: 1a<br \/>\nENQUADERNACI\u00d3: R\u00fastica<br \/>\nFORMAT: 23 cm x 15 cm<br \/>\nP\u00c0GINES: 112<br \/>\nIDIOMA: Catal\u00e0<\/p>\n","protected":false},"featured_media":47687,"template":"","meta":[],"product_cat":[42,18],"product_tag":[],"_links":{"self":[{"href":"https:\/\/www.vilaweb.cat\/botiga\/wp-json\/wp\/v2\/product\/47686"}],"collection":[{"href":"https:\/\/www.vilaweb.cat\/botiga\/wp-json\/wp\/v2\/product"}],"about":[{"href":"https:\/\/www.vilaweb.cat\/botiga\/wp-json\/wp\/v2\/types\/product"}],"wp:featuredmedia":[{"embeddable":true,"href":"https:\/\/www.vilaweb.cat\/botiga\/wp-json\/wp\/v2\/media\/47687"}],"wp:attachment":[{"href":"https:\/\/www.vilaweb.cat\/botiga\/wp-json\/wp\/v2\/media?parent=47686"}],"wp:term":[{"taxonomy":"product_cat","embeddable":true,"href":"https:\/\/www.vilaweb.cat\/botiga\/wp-json\/wp\/v2\/product_cat?post=47686"},{"taxonomy":"product_tag","embeddable":true,"href":"https:\/\/www.vilaweb.cat\/botiga\/wp-json\/wp\/v2\/product_tag?post=47686"}],"curies":[{"name":"wp","href":"https:\/\/api.w.org\/{rel}","templated":true}]}}