{"id":47684,"date":"2026-03-06T12:41:46","date_gmt":"2026-03-06T11:41:46","guid":{"rendered":"https:\/\/www.vilaweb.cat\/botiga\/?post_type=product&#038;p=47684"},"modified":"2026-04-17T19:00:03","modified_gmt":"2026-04-17T17:00:03","slug":"passeig-de-gracia-premi-santa-eulalia-2026","status":"publish","type":"product","link":"https:\/\/www.vilaweb.cat\/botiga\/producte\/passeig-de-gracia-premi-santa-eulalia-2026\/","title":{"rendered":"Passeig de Gr\u00e0cia (Premi Santa Eul\u00e0lia 2026)"},"content":{"rendered":"<p>La novel\u00b7la del passeig de Gr\u00e0cia. Una biografia del poder<\/p>\n<p>Per m\u00e9s llums que hi brillin, per m\u00e9s luxe que concentri, per m\u00e9s postals que el reprodueixin, un carrer el fan les vides que hi passen. En l&#8217;aventura de tres nissagues catalanes descobrirem l&#8217;ess\u00e8ncia d&#8217;un gran estendard de Barcelona, escenari de tensions hist\u00f2riques entre bellesa, riquesa i desigualtat social. Nobles, burgesos i obrers s&#8217;entrellacen en un relat marcat per amors impossibles, ascensos fulgurants i caigudes estrepitoses. Amb ells recorrem els primers anys del passeig de Gr\u00e0cia, quan acollia un extraordinari parc d&#8217;atraccions, i les seves metamorfosis: del cam\u00ed d&#8217;esbarjo als palauets enjardinats de l&#8217;aristocr\u00e0cia i la burgesia enriquida a les Am\u00e8riques; de camp de batalla del geni modernista a catifa vermella del bon gust; d&#8217;aparador de l&#8217;eleg\u00e0ncia a passarel\u00b7la del poder pol\u00edtic i del consumisme m\u00e9s radical. L&#8217;esplendor de la ciutat i tamb\u00e9 les seves ombres.90<\/p>\n","protected":false},"excerpt":{"rendered":"<p>AUTOR: Roger Bastida Sabido<br \/>\nISBN: 9791387969172<br \/>\nEDICI\u00d3: 1a<br \/>\nENQUADERNACI\u00d3: Dura<br \/>\nFORMAT: 23 cm x 15 cm<br \/>\nP\u00c0GINES: 420<br \/>\nIDIOMA: Catal\u00e0<\/p>\n","protected":false},"featured_media":47685,"template":"","meta":[],"product_cat":[49,18,423],"product_tag":[],"_links":{"self":[{"href":"https:\/\/www.vilaweb.cat\/botiga\/wp-json\/wp\/v2\/product\/47684"}],"collection":[{"href":"https:\/\/www.vilaweb.cat\/botiga\/wp-json\/wp\/v2\/product"}],"about":[{"href":"https:\/\/www.vilaweb.cat\/botiga\/wp-json\/wp\/v2\/types\/product"}],"wp:featuredmedia":[{"embeddable":true,"href":"https:\/\/www.vilaweb.cat\/botiga\/wp-json\/wp\/v2\/media\/47685"}],"wp:attachment":[{"href":"https:\/\/www.vilaweb.cat\/botiga\/wp-json\/wp\/v2\/media?parent=47684"}],"wp:term":[{"taxonomy":"product_cat","embeddable":true,"href":"https:\/\/www.vilaweb.cat\/botiga\/wp-json\/wp\/v2\/product_cat?post=47684"},{"taxonomy":"product_tag","embeddable":true,"href":"https:\/\/www.vilaweb.cat\/botiga\/wp-json\/wp\/v2\/product_tag?post=47684"}],"curies":[{"name":"wp","href":"https:\/\/api.w.org\/{rel}","templated":true}]}}