{"id":47662,"date":"2026-03-03T12:53:28","date_gmt":"2026-03-03T11:53:28","guid":{"rendered":"https:\/\/www.vilaweb.cat\/botiga\/?post_type=product&#038;p=47662"},"modified":"2026-04-17T18:49:15","modified_gmt":"2026-04-17T16:49:15","slug":"anatomia-de-lesperanca-premi-josep-pla-2026","status":"publish","type":"product","link":"https:\/\/www.vilaweb.cat\/botiga\/producte\/anatomia-de-lesperanca-premi-josep-pla-2026\/","title":{"rendered":"Anatomia de l&#8217;esperan\u00e7a (Premi Josep Pla 2026)"},"content":{"rendered":"<div id=\"product-id-11820845\" class=\"product-detail\">\n<div class=\"row\">\n<div class=\"col-lg-9\">\n<div class=\"row\">\n<div class=\"col-sinopsis\">\n<p><strong>Premi Josep Pla 2026 Una immersi\u00f3 l\u00facida i esperan\u00e7adora en\u00a0la for\u00e7a que ens mant\u00e9 dempeus quan tot sembla perdut.<\/strong><\/p>\n<p>Qu\u00e8 fa que alguns \u00e9ssers humans s\u2019aixequin cada vegada que cauen mentre que d\u2019altres s\u2019enfonsen en el desenc\u00eds? On neix aquesta for\u00e7a misteriosa que, malgrat tot, ens empeny endavant? En aquest assaig brillant i l\u00facid, Francesc Torralba dissecciona la natura \u00edntima de l\u2019esperan\u00e7a i la seva batalla constant contra el des\u00e0nim.<\/p>\n<p>A partir de la filosofia, la literatura i l\u2019experi\u00e8ncia humana, Torralba explora els mecanismes que sostenen l\u2019esperit quan tot sembla perdut. Amb una prosa clara i fonda, mostra com es construeixen horitzons, com reneix el sentit i per qu\u00e8 necessitem, m\u00e9s que mai, aquesta confian\u00e7a indestructible que ens mant\u00e9 dempeus malgrat tot.<\/p>\n<p><i>Anatomia de l\u2019esperan\u00e7a<\/i>\u00a0\u00e9s un mapa imprescindible per orientar-se en temps d\u2019incertesa i un elogi de la virtut que ens permet continuar creient en el futur.<\/p>\n<\/div>\n<\/div>\n<\/div>\n<div class=\"col-lg-3\">\n<div class=\"product-sidebar\">\n<div class=\"product-comercial-info\">\n<div class=\"product-comercial-data\">\n<div class=\"product-comercial-item\">\n<p id=\"ventas-2024\">\n<\/div>\n<\/div>\n<\/div>\n<\/div>\n<\/div>\n<\/div>\n<\/div>\n<section class=\"section\"><\/section>\n","protected":false},"excerpt":{"rendered":"<p>AUTOR: Torralba, Francesc<br \/>\nISBN: 9788419734310<br \/>\nEDICI\u00d3: 1a<br \/>\nENQUADERNACI\u00d3: R\u00fastica<br \/>\nFORMAT: 23 cm x 15 cm<br \/>\nP\u00c0GINES: 192<br \/>\nIDIOMA: Catal\u00e0<\/p>\n","protected":false},"featured_media":47663,"template":"","meta":[],"product_cat":[42,18,423],"product_tag":[],"_links":{"self":[{"href":"https:\/\/www.vilaweb.cat\/botiga\/wp-json\/wp\/v2\/product\/47662"}],"collection":[{"href":"https:\/\/www.vilaweb.cat\/botiga\/wp-json\/wp\/v2\/product"}],"about":[{"href":"https:\/\/www.vilaweb.cat\/botiga\/wp-json\/wp\/v2\/types\/product"}],"wp:featuredmedia":[{"embeddable":true,"href":"https:\/\/www.vilaweb.cat\/botiga\/wp-json\/wp\/v2\/media\/47663"}],"wp:attachment":[{"href":"https:\/\/www.vilaweb.cat\/botiga\/wp-json\/wp\/v2\/media?parent=47662"}],"wp:term":[{"taxonomy":"product_cat","embeddable":true,"href":"https:\/\/www.vilaweb.cat\/botiga\/wp-json\/wp\/v2\/product_cat?post=47662"},{"taxonomy":"product_tag","embeddable":true,"href":"https:\/\/www.vilaweb.cat\/botiga\/wp-json\/wp\/v2\/product_tag?post=47662"}],"curies":[{"name":"wp","href":"https:\/\/api.w.org\/{rel}","templated":true}]}}