{"id":47651,"date":"2026-03-02T10:36:52","date_gmt":"2026-03-02T09:36:52","guid":{"rendered":"https:\/\/www.vilaweb.cat\/botiga\/?post_type=product&#038;p=47651"},"modified":"2026-03-28T15:44:11","modified_gmt":"2026-03-28T14:44:11","slug":"els-irresponsables-qui-va-portar-hitler-al-poder","status":"publish","type":"product","link":"https:\/\/www.vilaweb.cat\/botiga\/producte\/els-irresponsables-qui-va-portar-hitler-al-poder\/","title":{"rendered":"Els irresponsables. Qui va portar Hitler al poder?"},"content":{"rendered":"<p>ELLS NO PODIEN NI INTUIR EL QUE VA PASSAR. NOSALTRES, ARA, SABEM QUE VA SER EL PITJOR MOMENT DE LA HIST\u00d2RIA D&#8217;EUROPA. AQUEST LLIBRE \u00c9S UN ADVERTIMENT URGENT SOBRE ELS PERILLS QUE ASSETGEN LES NOSTRES DEMOCR\u00c0CIES, AHIR I AVUI.<\/p>\n<p>Lluny de ser un desenlla\u00e7 inevitable, l&#8217;ascens de Hitler al poder va ser el resultat de les accions conscients d&#8217;unes elits pol\u00edtiques, econ\u00f2miques i militars que, encegades pels propis interessos, van creure que podrien controlar les decisions d&#8217;un inexpert partit nazi en el poder. El president Hindenburg, els cancellers Papen i Schleicher, el magnat de la premsa Hugenberg, els terratinents i els rics industrials Krupp i Thyssen, entre altres, van for\u00e7ar una alian\u00e7a perillosa amb els nazis que els va acabar devorant: el flirteig de la dreta conservadora amb l&#8217;extrema dreta, motivat per la defensa dels seus privilegis, va acabar tornant-se en contra i obrint les portes de l&#8217;infern. Chapoutot reconstrueix les intrigues, els pactes secrets i els errors fatals que van convertir una democr\u00e0cia plena en el pitjor totalitarisme. I aquesta lli\u00e7\u00f3 hist\u00f2rica \u00e9s ara, m\u00e9s que mai, un crit d&#8217;alerta sobre el nostre present.<\/p>\n<p>TRADUCCI\u00d3 D&#8217;ANDREU GOMILA.<\/p>\n","protected":false},"excerpt":{"rendered":"<p>AUTOR: Chapoutot, Johann<br \/>\nISBN: 9791387853235<br \/>\nEDICI\u00d3: 1a<br \/>\nENQUADERNACI\u00d3: Tapa dura<br \/>\nFORMAT: 21 cm x 15 cm<br \/>\nP\u00c0GINES: 384<br \/>\nIDIOMA: Catal\u00e0<\/p>\n","protected":false},"featured_media":47652,"template":"","meta":[],"product_cat":[42,45,18],"product_tag":[],"_links":{"self":[{"href":"https:\/\/www.vilaweb.cat\/botiga\/wp-json\/wp\/v2\/product\/47651"}],"collection":[{"href":"https:\/\/www.vilaweb.cat\/botiga\/wp-json\/wp\/v2\/product"}],"about":[{"href":"https:\/\/www.vilaweb.cat\/botiga\/wp-json\/wp\/v2\/types\/product"}],"wp:featuredmedia":[{"embeddable":true,"href":"https:\/\/www.vilaweb.cat\/botiga\/wp-json\/wp\/v2\/media\/47652"}],"wp:attachment":[{"href":"https:\/\/www.vilaweb.cat\/botiga\/wp-json\/wp\/v2\/media?parent=47651"}],"wp:term":[{"taxonomy":"product_cat","embeddable":true,"href":"https:\/\/www.vilaweb.cat\/botiga\/wp-json\/wp\/v2\/product_cat?post=47651"},{"taxonomy":"product_tag","embeddable":true,"href":"https:\/\/www.vilaweb.cat\/botiga\/wp-json\/wp\/v2\/product_tag?post=47651"}],"curies":[{"name":"wp","href":"https:\/\/api.w.org\/{rel}","templated":true}]}}