{"id":47629,"date":"2026-02-26T19:22:05","date_gmt":"2026-02-26T18:22:05","guid":{"rendered":"https:\/\/www.vilaweb.cat\/botiga\/?post_type=product&#038;p=47629"},"modified":"2026-04-17T18:57:19","modified_gmt":"2026-04-17T16:57:19","slug":"la-segona-vida-de-ginebra-vern","status":"publish","type":"product","link":"https:\/\/www.vilaweb.cat\/botiga\/producte\/la-segona-vida-de-ginebra-vern\/","title":{"rendered":"La segona vida de Ginebra Vern"},"content":{"rendered":"<p><strong>PREMI RAMON LLULL 2026 Quan l\u2019amor posa a prova la veritat<\/strong><\/p>\n<p>Quan un diari local de Texas publica un anunci ins\u00f2lit en qu\u00e8 una dona felicita el seu marit i l\u2019amant pel fill que esperen, la periodista en hores baixes Ginebra Vern rep a Barcelona l\u2019enc\u00e0rrec d\u2019escriure\u2019n un article viral. El que havia de ser una pe\u00e7a de consum r\u00e0pid es converteix en el detonant d\u2019una transformaci\u00f3 inesperada que l\u2019obligar\u00e0 a replantejar-se la manera de mirar el m\u00f3n i la pr\u00f2pia vida.<\/p>\n<p>Amb una prosa intensa i precisa,\u00a0<i>La segona vida de Ginebra Vern<\/i>\u00a0\u00e9s una novel\u00b7la poderosa sobre els l\u00edmits entre els secrets i la veritat, la necessitat de construir relats per sobreviure i la for\u00e7a dels vincles que anomenem amor.<\/p>\n","protected":false},"excerpt":{"rendered":"<p>AUTOR: Agn\u00e8s Marqu\u00e8s<br \/>\nISBN: 9788466434652<br \/>\nEDICI\u00d3: 1a<br \/>\nENQUADERNACI\u00d3: Tapa dura<br \/>\nFORMAT: 21 cm x 15 cm<br \/>\nP\u00c0GINES:280<br \/>\nIDIOMA: Catal\u00e0<\/p>\n","protected":false},"featured_media":47630,"template":"","meta":[],"product_cat":[49,18,423],"product_tag":[],"_links":{"self":[{"href":"https:\/\/www.vilaweb.cat\/botiga\/wp-json\/wp\/v2\/product\/47629"}],"collection":[{"href":"https:\/\/www.vilaweb.cat\/botiga\/wp-json\/wp\/v2\/product"}],"about":[{"href":"https:\/\/www.vilaweb.cat\/botiga\/wp-json\/wp\/v2\/types\/product"}],"wp:featuredmedia":[{"embeddable":true,"href":"https:\/\/www.vilaweb.cat\/botiga\/wp-json\/wp\/v2\/media\/47630"}],"wp:attachment":[{"href":"https:\/\/www.vilaweb.cat\/botiga\/wp-json\/wp\/v2\/media?parent=47629"}],"wp:term":[{"taxonomy":"product_cat","embeddable":true,"href":"https:\/\/www.vilaweb.cat\/botiga\/wp-json\/wp\/v2\/product_cat?post=47629"},{"taxonomy":"product_tag","embeddable":true,"href":"https:\/\/www.vilaweb.cat\/botiga\/wp-json\/wp\/v2\/product_tag?post=47629"}],"curies":[{"name":"wp","href":"https:\/\/api.w.org\/{rel}","templated":true}]}}