{"id":47616,"date":"2026-02-24T16:34:43","date_gmt":"2026-02-24T15:34:43","guid":{"rendered":"https:\/\/www.vilaweb.cat\/botiga\/?post_type=product&#038;p=47616"},"modified":"2026-04-04T17:49:40","modified_gmt":"2026-04-04T15:49:40","slug":"despres-del-naufragi-una-novella","status":"publish","type":"product","link":"https:\/\/www.vilaweb.cat\/botiga\/producte\/despres-del-naufragi-una-novella\/","title":{"rendered":"Despr\u00e9s del naufragi. Una novel\u00b7la"},"content":{"rendered":"","protected":false},"excerpt":{"rendered":"<p><span style=\"color: #ff6600;\"><strong>LLIBRE SIGNAT PER SANT JORDI<\/strong><\/span><\/p>\n<p>Fins al<strong> 14\u00a0d\u2019abril<\/strong> podeu triar entre tot un ventall d\u2019autors i rebre&#8217;n el llibre dedicat i signat. Les compres de llibres signats s&#8217;hauran de fer a la <a href=\"https:\/\/www.vilaweb.cat\/botiga\/categoria-producte\/sant-jordi\/\"><b>Botiga en l\u00ednia.<\/b><\/a><\/p>\n<p><b>No agafem els enc\u00e0rrecs presencialment a la Botiga.<\/b><\/p>\n<p>Si \u00e9s un llibre que voleu regalar, ens podeu<b> indicar el nom <\/b>a qui s\u2019ha d\u2019adre\u00e7ar l\u2019autor, a l\u2019apartat <b>&#8220;notes de la comanda&#8221; <\/b>en el moment de formalitzar-la. Altrament, <b>es far\u00e0 una dedicat\u00f2ria gen\u00e8rica, no nominal.<\/b><\/p>\n<p>Us deixem <strong><a href=\"https:\/\/www.vilaweb.cat\/botiga\/categoria-producte\/sant-jordi\/\">la llista<\/a><\/strong> de llibres que podeu encarregar.<\/p>\n<p>* Les comandes de llibres estaran a punt i s&#8217;enviaran a partir del 15 d&#8217;abril perqu\u00e8 els rebeu abans de Sant Jordi, independentment del dia de la compra.<\/p>\n<p>AUTOR: Sanchez Pi\u00f1ol, Albert<br \/>\nISBN: 9788419721754<br \/>\nEDICI\u00d3: 1a<br \/>\nENQUADERNACI\u00d3: Tapa dura<br \/>\nFORMAT: 21 cm x 15 cm<br \/>\nP\u00c0GINES: 304<br \/>\nIDIOMA: Catal\u00e0<\/p>\n","protected":false},"featured_media":47617,"template":"","meta":[],"product_cat":[423,18,49],"product_tag":[],"_links":{"self":[{"href":"https:\/\/www.vilaweb.cat\/botiga\/wp-json\/wp\/v2\/product\/47616"}],"collection":[{"href":"https:\/\/www.vilaweb.cat\/botiga\/wp-json\/wp\/v2\/product"}],"about":[{"href":"https:\/\/www.vilaweb.cat\/botiga\/wp-json\/wp\/v2\/types\/product"}],"wp:featuredmedia":[{"embeddable":true,"href":"https:\/\/www.vilaweb.cat\/botiga\/wp-json\/wp\/v2\/media\/47617"}],"wp:attachment":[{"href":"https:\/\/www.vilaweb.cat\/botiga\/wp-json\/wp\/v2\/media?parent=47616"}],"wp:term":[{"taxonomy":"product_cat","embeddable":true,"href":"https:\/\/www.vilaweb.cat\/botiga\/wp-json\/wp\/v2\/product_cat?post=47616"},{"taxonomy":"product_tag","embeddable":true,"href":"https:\/\/www.vilaweb.cat\/botiga\/wp-json\/wp\/v2\/product_tag?post=47616"}],"curies":[{"name":"wp","href":"https:\/\/api.w.org\/{rel}","templated":true}]}}