{"id":47593,"date":"2026-02-20T14:00:51","date_gmt":"2026-02-20T13:00:51","guid":{"rendered":"https:\/\/www.vilaweb.cat\/botiga\/?post_type=product&#038;p=47593"},"modified":"2026-04-17T14:01:00","modified_gmt":"2026-04-17T12:01:00","slug":"kolkhoz","status":"publish","type":"product","link":"https:\/\/www.vilaweb.cat\/botiga\/producte\/kolkhoz\/","title":{"rendered":"Kolkhoz"},"content":{"rendered":"<p><em>Kolkhoz\u00a0<\/em>\u00e9s el llibre m\u00e9s \u00edntim d\u2019Emmanuel Carr\u00e8re: un retrat familiar apassionat que arranca amb el funeral d\u2019Estat de la seva mare, H\u00e9l\u00e8ne Carr\u00e8re d\u2019Encausse, gran figura de la intel\u00b7lectualitat francesa, primera dona al capdavant de l\u2019Acad\u00e8mia i una reconeguda autoritat en l\u2019estudi de la historia russa. La seva mort el 2023 impulsar\u00e0 l\u2019autor a revisar una col\u00b7lecci\u00f3 d\u2019arxius, cartes i fotografies del seu pare, i que constitueixen el punt de partida d\u2019aquesta investigaci\u00f3: una genealogia entrella\u00e7ada per on desfilen els grans conflictes del segle XX, de la R\u00fassia prerevolucion\u00e0ria a la Ucra\u00efna actual.<\/p>\n<p>Carr\u00e8re reconstrueix aix\u00ed el recorregut dels seus besavis, els Zurabishvili, burgesos il\u00b7lustrats exiliats a Ge\u00f2rgia despr\u00e9s de la Revoluci\u00f3; el del seu avi Georges, un home marcat per una col\u00b7laboraci\u00f3 amb els ocupants alemanys mai del tot esclarida; i, sobretot, el de l\u2019ascens imparable d\u2019H\u00e9l\u00e8ne, brillant, severa i sovint impenetrable, personalitat llegend\u00e0ria i pol\u00e8mica, amb una complexitat que condicionava a tothom qui la rodejava.<\/p>\n<p>Una novel\u00b7la brillant que transita entre la hist\u00f2ria familiar i la hist\u00f2ria en maj\u00fascules, que ofereix un retrat prec\u00eds de l\u2019Europa del segle passat i, per damunt de tot, una confrontaci\u00f3 amb la mem\u00f2ria de la figura materna vista amb l\u2019habitual mescla d\u2019exactitud, empatia i lucidesa de l\u2019autor.<\/p>\n","protected":false},"excerpt":{"rendered":"<p>AUTOR: Carrere, Emmanuel<br \/>\nISBN: 9788433949103<br \/>\nEDICI\u00d3: 1a<br \/>\nENQUADERNACI\u00d3: Tapa r\u00fastica amb solapes<br \/>\nFORMAT: 21 cm x 15 cm<br \/>\nP\u00c0GINES: 448<br \/>\nIDIOMA: Catal\u00e0<\/p>\n","protected":false},"featured_media":47592,"template":"","meta":[],"product_cat":[42,18],"product_tag":[],"_links":{"self":[{"href":"https:\/\/www.vilaweb.cat\/botiga\/wp-json\/wp\/v2\/product\/47593"}],"collection":[{"href":"https:\/\/www.vilaweb.cat\/botiga\/wp-json\/wp\/v2\/product"}],"about":[{"href":"https:\/\/www.vilaweb.cat\/botiga\/wp-json\/wp\/v2\/types\/product"}],"wp:featuredmedia":[{"embeddable":true,"href":"https:\/\/www.vilaweb.cat\/botiga\/wp-json\/wp\/v2\/media\/47592"}],"wp:attachment":[{"href":"https:\/\/www.vilaweb.cat\/botiga\/wp-json\/wp\/v2\/media?parent=47593"}],"wp:term":[{"taxonomy":"product_cat","embeddable":true,"href":"https:\/\/www.vilaweb.cat\/botiga\/wp-json\/wp\/v2\/product_cat?post=47593"},{"taxonomy":"product_tag","embeddable":true,"href":"https:\/\/www.vilaweb.cat\/botiga\/wp-json\/wp\/v2\/product_tag?post=47593"}],"curies":[{"name":"wp","href":"https:\/\/api.w.org\/{rel}","templated":true}]}}