{"id":47590,"date":"2026-02-20T13:58:59","date_gmt":"2026-02-20T12:58:59","guid":{"rendered":"https:\/\/www.vilaweb.cat\/botiga\/?post_type=product&#038;p=47590"},"modified":"2026-04-16T12:16:21","modified_gmt":"2026-04-16T10:16:21","slug":"que-diem-els-catalans","status":"publish","type":"product","link":"https:\/\/www.vilaweb.cat\/botiga\/producte\/que-diem-els-catalans\/","title":{"rendered":"Que diem els catalans"},"content":{"rendered":"<p><b>Un llibre amb situacions ling\u00fc\u00edstiques quotidianes en clau d&#8217;humor amb les quals el lector se sentir\u00e0 identificat.<\/b><\/p>\n<p>Enric Gom\u00e0 va posar en marxa el col\u00b7lectiu\u00a0<i>Al carrer<\/i>\u00a0el juliol del 1999, fa 25 anys, un f\u00f2rum en qu\u00e8 un grup de persones envien frases sentides al carrer o en locals p\u00fablics divertides, intrigants, sorprenents. En tots casos, tracten la llengua d&#8217;una manera desacomplexada.<\/p>\n<p>Des de llavors, cada dia feiner envia per correu electr\u00f2nic una o dues frases sentides espont\u00e0niament al carrer o a botigues i locals de tot arreu, dites per desconeguts, als 855 seguidors inscrits que t\u00e9 la comunitat. Molts d&#8217;aquests seguidors s\u00f3n interactius, \u00e9s a dir, que envien frases i petits di\u00e0legs que senten al carrer, per\u00f2 tamb\u00e9 n&#8217;hi ha un bon grapat que es limiten a rebre-les i, en alguns casos, a comentar-les.<\/p>\n<p>El llibre recull una tria d&#8217;aquestes frases, agrupades per tem\u00e0tiques.<\/p>\n","protected":false},"excerpt":{"rendered":"<p>AUTOR: Gom\u00e0, Enric<br \/>\nISBN: 9791387564001<br \/>\nEDICI\u00d3: 1a<br \/>\nENQUADERNACI\u00d3: Tapa r\u00fastica amb solapes<br \/>\nFORMAT: 21 cm x 15 cm<br \/>\nP\u00c0GINES:256<br \/>\nIDIOMA: Catal\u00e0<\/p>\n","protected":false},"featured_media":47591,"template":"","meta":[],"product_cat":[42,18],"product_tag":[],"_links":{"self":[{"href":"https:\/\/www.vilaweb.cat\/botiga\/wp-json\/wp\/v2\/product\/47590"}],"collection":[{"href":"https:\/\/www.vilaweb.cat\/botiga\/wp-json\/wp\/v2\/product"}],"about":[{"href":"https:\/\/www.vilaweb.cat\/botiga\/wp-json\/wp\/v2\/types\/product"}],"wp:featuredmedia":[{"embeddable":true,"href":"https:\/\/www.vilaweb.cat\/botiga\/wp-json\/wp\/v2\/media\/47591"}],"wp:attachment":[{"href":"https:\/\/www.vilaweb.cat\/botiga\/wp-json\/wp\/v2\/media?parent=47590"}],"wp:term":[{"taxonomy":"product_cat","embeddable":true,"href":"https:\/\/www.vilaweb.cat\/botiga\/wp-json\/wp\/v2\/product_cat?post=47590"},{"taxonomy":"product_tag","embeddable":true,"href":"https:\/\/www.vilaweb.cat\/botiga\/wp-json\/wp\/v2\/product_tag?post=47590"}],"curies":[{"name":"wp","href":"https:\/\/api.w.org\/{rel}","templated":true}]}}