{"id":47564,"date":"2026-02-18T16:26:02","date_gmt":"2026-02-18T15:26:02","guid":{"rendered":"https:\/\/www.vilaweb.cat\/botiga\/?post_type=product&#038;p=47564"},"modified":"2026-02-18T16:36:10","modified_gmt":"2026-02-18T15:36:10","slug":"perfectament-imperfecta","status":"publish","type":"product","link":"https:\/\/www.vilaweb.cat\/botiga\/producte\/perfectament-imperfecta\/","title":{"rendered":"Perfectament imperfecta"},"content":{"rendered":"<p>A la Ruth li sembla que per fi t\u00e9 la vida controlada. Una feina fixa i amb cert prestigi com a professora a la universitat, una casa amb jard\u00ed com havia volgut de petita, un marit que l\u2019estima i dos fills. Per\u00f2 quan el seu fill de vuit anys comen\u00e7a a patir episodis de psicosi i li detecten trets autistes, tot el que li semblava s\u00f2lid s\u2019ensorra. A la vegada, la seva mare, malalta de c\u00e0ncer terminal, decideix casar-se amb un playboy itali\u00e0 i la convida al que a ella li sembla un casament esperp\u00e8ntic a un gl\u00e0mping de l\u2019Ametlla de Mar. La seva psic\u00f2loga l\u2019anima a anar-hi i li proposa que comenci una llista de coses que apr\u00e8n del seu fill. La Ruth, educada per a obeir, seguir\u00e0 les seves instruccions. El que no sap \u00e9s que a trav\u00e9s d\u2019aquest viatge s\u2019acostar\u00e0 per fi a la seva mare, es confrontar\u00e0 amb les decepcions del seu matrimoni, redescobrir\u00e0 un vell amant, digerir\u00e0 la realitat del seu fill i, sobretot, desempolsar\u00e0 mem\u00f2ries oblidades i curar\u00e0 ferides antigues que li impedien ser qui realment \u00e9s: una dona forta i imperfectament perfecta.<\/p>\n","protected":false},"excerpt":{"rendered":"<p>AUTOR: Gracia, Carla<br \/>\nISBN: 9788419721389<br \/>\nEDICI\u00d3: 1a<br \/>\nENQUADERNACI\u00d3: Tapa r\u00fastica amb solapes<br \/>\nFORMAT: 21 cm x 15 cm<br \/>\nP\u00c0GINES:216<br \/>\nIDIOMA: Catal\u00e0<\/p>\n","protected":false},"featured_media":47565,"template":"","meta":[],"product_cat":[49,18],"product_tag":[],"_links":{"self":[{"href":"https:\/\/www.vilaweb.cat\/botiga\/wp-json\/wp\/v2\/product\/47564"}],"collection":[{"href":"https:\/\/www.vilaweb.cat\/botiga\/wp-json\/wp\/v2\/product"}],"about":[{"href":"https:\/\/www.vilaweb.cat\/botiga\/wp-json\/wp\/v2\/types\/product"}],"wp:featuredmedia":[{"embeddable":true,"href":"https:\/\/www.vilaweb.cat\/botiga\/wp-json\/wp\/v2\/media\/47565"}],"wp:attachment":[{"href":"https:\/\/www.vilaweb.cat\/botiga\/wp-json\/wp\/v2\/media?parent=47564"}],"wp:term":[{"taxonomy":"product_cat","embeddable":true,"href":"https:\/\/www.vilaweb.cat\/botiga\/wp-json\/wp\/v2\/product_cat?post=47564"},{"taxonomy":"product_tag","embeddable":true,"href":"https:\/\/www.vilaweb.cat\/botiga\/wp-json\/wp\/v2\/product_tag?post=47564"}],"curies":[{"name":"wp","href":"https:\/\/api.w.org\/{rel}","templated":true}]}}