{"id":47544,"date":"2026-02-16T17:44:50","date_gmt":"2026-02-16T16:44:50","guid":{"rendered":"https:\/\/www.vilaweb.cat\/botiga\/?post_type=product&#038;p=47544"},"modified":"2026-03-13T11:35:34","modified_gmt":"2026-03-13T10:35:34","slug":"no-goseu-ensinistrar-el-meu-drac","status":"publish","type":"product","link":"https:\/\/www.vilaweb.cat\/botiga\/producte\/no-goseu-ensinistrar-el-meu-drac\/","title":{"rendered":"No goseu ensinistrar el meu drac"},"content":{"rendered":"<div id=\"product-id-11806919\" class=\"product-detail\">\n<div class=\"row\">\n<div class=\"col-lg-9\">\n<div class=\"row\">\n<div class=\"col-sinopsis\">\n<p><strong>Un homenatge a la llibertat i a la fantasia amb un drac i una nena que no es deixaran ensinistrar.<\/strong><\/p>\n<div id=\"theTextbox\" class=\"clsTextBox\" contenteditable=\"true\">Tenir un drac no \u00e9s gens \u00abnormal\u00bb, per\u00f2 \u00e9s que la Constan\u00e7a mai no ha estat \u00abnormal\u00bb. Ella sempre imagina aventures fant\u00e0stiques i planifica expedicions meravelloses amb la iaia Cleo, amb la seva gosseta, el seu millor amic i&#8230;, \u00e9s clar, amb l\u2019Artau, el seu drac.<\/p>\n<p>I \u00e9s que la Constan\u00e7a \u00e9s molt especial, \u00fanica en realitat, excepcional! Encara que hi ha qui pensa que, senzillament, \u00e9s rara. I que li diguin \u00abrara\u00bb la fa sentir com si un ex\u00e8rcit de mosquits li piqu\u00e9s alhora. Per aix\u00f2, un dia la Constan\u00e7a comen\u00e7a a pensar que potser tot seria m\u00e9s f\u00e0cil si fos \u00abnormal\u00bb, per\u00f2 pot ser normal una nena que t\u00e9 un drac?<\/p>\n<p>Un homenatge a la llibertat i a la fantasia amb un drac i una nena que no es deixaran ensinistrar.<\/p><\/div>\n<\/div>\n<\/div>\n<\/div>\n<\/div>\n<\/div>\n","protected":false},"excerpt":{"rendered":"<p>AUTOR: Arasa, Cinta<br \/>\nISBN: 9791387847029<br \/>\nEDICI\u00d3: 1a<br \/>\nENQUADERNACI\u00d3: Tapa r\u00fastica amb solapes<br \/>\nFORMAT: 23 cm x 15 cm<br \/>\nP\u00c0GINES: 120<br \/>\nIDIOMA: Catal\u00e0<\/p>\n","protected":false},"featured_media":47545,"template":"","meta":[],"product_cat":[49,47,18],"product_tag":[],"_links":{"self":[{"href":"https:\/\/www.vilaweb.cat\/botiga\/wp-json\/wp\/v2\/product\/47544"}],"collection":[{"href":"https:\/\/www.vilaweb.cat\/botiga\/wp-json\/wp\/v2\/product"}],"about":[{"href":"https:\/\/www.vilaweb.cat\/botiga\/wp-json\/wp\/v2\/types\/product"}],"wp:featuredmedia":[{"embeddable":true,"href":"https:\/\/www.vilaweb.cat\/botiga\/wp-json\/wp\/v2\/media\/47545"}],"wp:attachment":[{"href":"https:\/\/www.vilaweb.cat\/botiga\/wp-json\/wp\/v2\/media?parent=47544"}],"wp:term":[{"taxonomy":"product_cat","embeddable":true,"href":"https:\/\/www.vilaweb.cat\/botiga\/wp-json\/wp\/v2\/product_cat?post=47544"},{"taxonomy":"product_tag","embeddable":true,"href":"https:\/\/www.vilaweb.cat\/botiga\/wp-json\/wp\/v2\/product_tag?post=47544"}],"curies":[{"name":"wp","href":"https:\/\/api.w.org\/{rel}","templated":true}]}}