{"id":47542,"date":"2026-02-16T17:41:16","date_gmt":"2026-02-16T16:41:16","guid":{"rendered":"https:\/\/www.vilaweb.cat\/botiga\/?post_type=product&#038;p=47542"},"modified":"2026-03-24T18:53:02","modified_gmt":"2026-03-24T17:53:02","slug":"amada","status":"publish","type":"product","link":"https:\/\/www.vilaweb.cat\/botiga\/producte\/amada\/","title":{"rendered":"Amada"},"content":{"rendered":"<p>La Sethe \u00e9s una esclava fugitiva que fa divuit anys que viu en llibertat. Viu amb la seva filla Denver en una casa que est\u00e0 viva i bull de rancor. Les assetja la violenta pres\u00e8ncia d\u2019una nena morta: la filla de la Sethe que va morir sense nom, la l\u00e0pida de la qual porta gravada una sola paraula: \u00abAmada\u00bb.Un dia, una jove desconeguda truca a la porta de la Sethe. El seu nom \u00e9s Amada. La seva arribada, i la de l\u2019antic esclau Paul D, desencadenen una lluita ferotge entre la voluntat d\u2019oblidar un passat marcat per la ignominiosa ombra de l\u2019esclavitud i la mem\u00f2ria, desesperada per mantenir-se viva a qualsevol preu.<\/p>\n<p>Amada \u00e9s una obra culminant de la literatura afroamericana i universal. Per\u00f2 la seva import\u00e0ncia depassa l\u2019\u00e0mbit de la literatura per elevar-se com la m\u00e9s gran mostra de reconeixement, reparaci\u00f3 i respecte vers els homes i les dones negres \u2014sobretot les dones\u2014 que van patir i van morir sota el jou de l\u2019esclavisme als Estats Units d\u2019Am\u00e8rica. Amada va ser reconeguda amb el premi Pulitzer l\u2019any 1988. Toni Morrison va guanyar el premi Nobel de literatura l\u2019any 1993.<\/p>\n","protected":false},"excerpt":{"rendered":"<p>AUTOR: Morrison, Toni<br \/>\nISBN: 9788419059550<br \/>\nEDICI\u00d3: 1a<br \/>\nENQUADERNACI\u00d3: Tapa r\u00fastica amb solapes<br \/>\nFORMAT: 23 cm x 15 cm<br \/>\nP\u00c0GINES: 448<br \/>\nIDIOMA: Catal\u00e0<\/p>\n","protected":false},"featured_media":47543,"template":"","meta":[],"product_cat":[49,45,18],"product_tag":[],"_links":{"self":[{"href":"https:\/\/www.vilaweb.cat\/botiga\/wp-json\/wp\/v2\/product\/47542"}],"collection":[{"href":"https:\/\/www.vilaweb.cat\/botiga\/wp-json\/wp\/v2\/product"}],"about":[{"href":"https:\/\/www.vilaweb.cat\/botiga\/wp-json\/wp\/v2\/types\/product"}],"wp:featuredmedia":[{"embeddable":true,"href":"https:\/\/www.vilaweb.cat\/botiga\/wp-json\/wp\/v2\/media\/47543"}],"wp:attachment":[{"href":"https:\/\/www.vilaweb.cat\/botiga\/wp-json\/wp\/v2\/media?parent=47542"}],"wp:term":[{"taxonomy":"product_cat","embeddable":true,"href":"https:\/\/www.vilaweb.cat\/botiga\/wp-json\/wp\/v2\/product_cat?post=47542"},{"taxonomy":"product_tag","embeddable":true,"href":"https:\/\/www.vilaweb.cat\/botiga\/wp-json\/wp\/v2\/product_tag?post=47542"}],"curies":[{"name":"wp","href":"https:\/\/api.w.org\/{rel}","templated":true}]}}