{"id":47540,"date":"2026-02-16T17:38:39","date_gmt":"2026-02-16T16:38:39","guid":{"rendered":"https:\/\/www.vilaweb.cat\/botiga\/?post_type=product&#038;p=47540"},"modified":"2026-02-24T13:24:44","modified_gmt":"2026-02-24T12:24:44","slug":"terres-barbares","status":"publish","type":"product","link":"https:\/\/www.vilaweb.cat\/botiga\/producte\/terres-barbares\/","title":{"rendered":"Terres b\u00e0rbares"},"content":{"rendered":"<p><strong>Una hist\u00f2ria de secrets i llegats familiars, de lleialtats i tra\u00efcions i dels efectes devastadors de la mem\u00f2ria personal i col\u00b7lectiva silenciada.<\/strong><\/p>\n<p>Val\u00e8ncia, 2021. La mort del pare ha trasbalsat Guillem, un periodista descregut que porta d\u00e8cades treballant en la secci\u00f3 de pol\u00edtica d\u2019un diari provinci\u00e0 on fa temps que res no va b\u00e9. A la redacci\u00f3 aterra Vera, una periodista jove i inquieta, interessada en els crims de la Brigada Pol\u00edtico-Social que actuava a Val\u00e8ncia durant la Dictadura per reprimir els grups antifranquistes. A trav\u00e9s de les xarxes socials, a Guillem li arriba una den\u00fancia an\u00f2nima que el neguiteja i el desorienta: \u00bf\u00e9s cert que son pare va ser delator d\u2019altres comunistes que van lluitar contra el franquisme? Aix\u00f2 el portar\u00e0 a investigar i a intentar reconstruir la hist\u00f2ria real dels seus pares durant la llarga nit de la Dictadura mentre es q\u00fcestiona el seu passat i present.<\/p>\n","protected":false},"excerpt":{"rendered":"<p>AUTOR: Flor, Vicent<br \/>\nISBN: 9788429783315<br \/>\nEDICI\u00d3: 1a<br \/>\nENQUADERNACI\u00d3: Tapa r\u00fastica amb solapes<br \/>\nFORMAT: 23 cm x 15 cm<br \/>\nP\u00c0GINES: 336<br \/>\nIDIOMA: Catal\u00e0<\/p>\n","protected":false},"featured_media":47541,"template":"","meta":[],"product_cat":[49,18],"product_tag":[],"_links":{"self":[{"href":"https:\/\/www.vilaweb.cat\/botiga\/wp-json\/wp\/v2\/product\/47540"}],"collection":[{"href":"https:\/\/www.vilaweb.cat\/botiga\/wp-json\/wp\/v2\/product"}],"about":[{"href":"https:\/\/www.vilaweb.cat\/botiga\/wp-json\/wp\/v2\/types\/product"}],"wp:featuredmedia":[{"embeddable":true,"href":"https:\/\/www.vilaweb.cat\/botiga\/wp-json\/wp\/v2\/media\/47541"}],"wp:attachment":[{"href":"https:\/\/www.vilaweb.cat\/botiga\/wp-json\/wp\/v2\/media?parent=47540"}],"wp:term":[{"taxonomy":"product_cat","embeddable":true,"href":"https:\/\/www.vilaweb.cat\/botiga\/wp-json\/wp\/v2\/product_cat?post=47540"},{"taxonomy":"product_tag","embeddable":true,"href":"https:\/\/www.vilaweb.cat\/botiga\/wp-json\/wp\/v2\/product_tag?post=47540"}],"curies":[{"name":"wp","href":"https:\/\/api.w.org\/{rel}","templated":true}]}}