{"id":47508,"date":"2026-02-11T20:14:19","date_gmt":"2026-02-11T19:14:19","guid":{"rendered":"https:\/\/www.vilaweb.cat\/botiga\/?post_type=product&#038;p=47508"},"modified":"2026-04-14T18:11:46","modified_gmt":"2026-04-14T16:11:46","slug":"lultima-vegada-que-et-dic-adeu","status":"publish","type":"product","link":"https:\/\/www.vilaweb.cat\/botiga\/producte\/lultima-vegada-que-et-dic-adeu\/","title":{"rendered":"L&#8217;\u00faltima vegada que et dic adeu"},"content":{"rendered":"","protected":false},"excerpt":{"rendered":"<p><span style=\"color: #ff6600;\"><strong>LLIBRE SIGNAT PER SANT JORDI<\/strong><\/span><\/p>\n<p>Fins al<strong> 14\u00a0d\u2019abril<\/strong> podeu triar entre tot un ventall d\u2019autors i rebre&#8217;n el llibre dedicat i signat. Les compres de llibres signats s&#8217;hauran de fer a la <a href=\"https:\/\/www.vilaweb.cat\/botiga\/categoria-producte\/sant-jordi\/\"><b>Botiga en l\u00ednia.<\/b><\/a><\/p>\n<p><b>No agafem els enc\u00e0rrecs presencialment a la Botiga.<\/b><\/p>\n<p>Si \u00e9s un llibre que voleu regalar, ens podeu<b> indicar el nom <\/b>a qui s\u2019ha d\u2019adre\u00e7ar l\u2019autor, a l\u2019apartat <b>&#8220;notes de la comanda&#8221; <\/b>en el moment de formalitzar-la. Altrament, <b>es far\u00e0 una dedicat\u00f2ria gen\u00e8rica, no nominal.<\/b><\/p>\n<p>Us deixem <strong><a href=\"https:\/\/www.vilaweb.cat\/botiga\/categoria-producte\/sant-jordi\/\">la llista<\/a><\/strong> de llibres que podeu encarregar.<\/p>\n<p>* Les comandes de llibres estaran a punt i s&#8217;enviaran a partir del 15 d&#8217;abril perqu\u00e8 els rebeu abans de Sant Jordi, independentment del dia de la compra.<\/p>\n<p>AUTOR: Farr\u00e9, Natza<br \/>\nISBN: 9791387853228<br \/>\nEDICI\u00d3: 1a<br \/>\nENQUADERNACI\u00d3: Tapa r\u00fastica amb solapes<br \/>\nFORMAT: 21 cm x 14 cm<br \/>\nP\u00c0GINES: 176<br \/>\nIDIOMA: Catal\u00e0<\/p>\n","protected":false},"featured_media":47509,"template":"","meta":[],"product_cat":[49,18,423],"product_tag":[],"_links":{"self":[{"href":"https:\/\/www.vilaweb.cat\/botiga\/wp-json\/wp\/v2\/product\/47508"}],"collection":[{"href":"https:\/\/www.vilaweb.cat\/botiga\/wp-json\/wp\/v2\/product"}],"about":[{"href":"https:\/\/www.vilaweb.cat\/botiga\/wp-json\/wp\/v2\/types\/product"}],"wp:featuredmedia":[{"embeddable":true,"href":"https:\/\/www.vilaweb.cat\/botiga\/wp-json\/wp\/v2\/media\/47509"}],"wp:attachment":[{"href":"https:\/\/www.vilaweb.cat\/botiga\/wp-json\/wp\/v2\/media?parent=47508"}],"wp:term":[{"taxonomy":"product_cat","embeddable":true,"href":"https:\/\/www.vilaweb.cat\/botiga\/wp-json\/wp\/v2\/product_cat?post=47508"},{"taxonomy":"product_tag","embeddable":true,"href":"https:\/\/www.vilaweb.cat\/botiga\/wp-json\/wp\/v2\/product_tag?post=47508"}],"curies":[{"name":"wp","href":"https:\/\/api.w.org\/{rel}","templated":true}]}}