{"id":47504,"date":"2026-02-11T20:09:59","date_gmt":"2026-02-11T19:09:59","guid":{"rendered":"https:\/\/www.vilaweb.cat\/botiga\/?post_type=product&#038;p=47504"},"modified":"2026-04-17T18:59:10","modified_gmt":"2026-04-17T16:59:10","slug":"les-nits-en-blanc","status":"publish","type":"product","link":"https:\/\/www.vilaweb.cat\/botiga\/producte\/les-nits-en-blanc\/","title":{"rendered":"Les nits en blanc"},"content":{"rendered":"<p>El primer any de la d\u00e8cada dels vuitanta, en una editorial mitjana on ella feia de secret\u00e0ria de ger\u00e8ncia i ell era l&#8221;\u0099encarregat de tirar endavant una enciclop\u00e8dia de psicologia en sis volums, Encarna Colom i Gabriel Caballero van comen\u00e7ar la relaci\u00f3 sense la qual el c\u00e8lebre escriptor de Badalona, pret\u00e8s geni de barriada, no hauria estat capa\u00e7 de publicar cap novel\u00b7la. La vida del Gabriel, l&#8217;Encarna i les seves respectives m\u00e0scares formen un melodrama rom\u00e0ntic a la Barcelona postmoderna marcat per relacions enverinades, compromisos pol\u00edtics i personals en crisi, martingales ol\u00edmpiques i negocis editorials dubtosos. Juli\u00e0 de J\u00f2dar continua deconstruint un alter-ego que l&#8217;ha perseguit des de molt abans de la publicaci\u00f3 de la seva primera novel\u00b7la, i, de passada, retrata la Catalunya postfranquista sense cap cullerada de sucre.<\/p>\n","protected":false},"excerpt":{"rendered":"<p>AUTOR: Jodar, Julia De<br \/>\nISBN: 9791387969158<br \/>\nEDICI\u00d3: 1a<br \/>\nENQUADERNACI\u00d3: Tapa r\u00fastica amb solapes<br \/>\nFORMAT: 21 cm x 14 cm<br \/>\nP\u00c0GINES: 370<br \/>\nIDIOMA: Catal\u00e0<\/p>\n","protected":false},"featured_media":47505,"template":"","meta":[],"product_cat":[49,18,423],"product_tag":[],"_links":{"self":[{"href":"https:\/\/www.vilaweb.cat\/botiga\/wp-json\/wp\/v2\/product\/47504"}],"collection":[{"href":"https:\/\/www.vilaweb.cat\/botiga\/wp-json\/wp\/v2\/product"}],"about":[{"href":"https:\/\/www.vilaweb.cat\/botiga\/wp-json\/wp\/v2\/types\/product"}],"wp:featuredmedia":[{"embeddable":true,"href":"https:\/\/www.vilaweb.cat\/botiga\/wp-json\/wp\/v2\/media\/47505"}],"wp:attachment":[{"href":"https:\/\/www.vilaweb.cat\/botiga\/wp-json\/wp\/v2\/media?parent=47504"}],"wp:term":[{"taxonomy":"product_cat","embeddable":true,"href":"https:\/\/www.vilaweb.cat\/botiga\/wp-json\/wp\/v2\/product_cat?post=47504"},{"taxonomy":"product_tag","embeddable":true,"href":"https:\/\/www.vilaweb.cat\/botiga\/wp-json\/wp\/v2\/product_tag?post=47504"}],"curies":[{"name":"wp","href":"https:\/\/api.w.org\/{rel}","templated":true}]}}