{"id":47469,"date":"2026-02-03T18:20:50","date_gmt":"2026-02-03T17:20:50","guid":{"rendered":"https:\/\/www.vilaweb.cat\/botiga\/?post_type=product&#038;p=47469"},"modified":"2026-02-27T17:56:15","modified_gmt":"2026-02-27T16:56:15","slug":"comiats","status":"publish","type":"product","link":"https:\/\/www.vilaweb.cat\/botiga\/producte\/comiats\/","title":{"rendered":"Comiats"},"content":{"rendered":"<p>Amb motiu del seu vuitant\u00e8 aniversari, Julian Barnes ens regala una obra alhora juganera i profunda sobre la mem\u00f2ria, la persist\u00e8ncia de l&#8217;amor, com encarar el final de la vida i aprendre a acomiadar-nos. Com en altres llibres seus, no sabrem quina part \u00e9s ficci\u00f3, assaig o mem\u00f2ries. D&#8217;entrada, l&#8217;acompanyem mentre reflexiona sobre la mem\u00f2ria volunt\u00e0ria o involunt\u00e0ria -Proust, \u00e9s clar-, i sobre com els records es transformen en an\u00e8cdotes, aquestes en mem\u00f2ria, i aquesta, sovint, en falsedats, enganys o buits. Fins que ens promet una hist\u00f2ria: ens presenta l&#8217;Stephen i la Jean, als quals ell mateix va posar en contacte a la universitat i van estar a punt de casar-se&#8230; Per\u00f2 no ho van fer. Fins que, passats quaranta anys, Barnes ha de posar-los en contacte de nou. Per\u00f2 com pot explicar-nos una hist\u00f2ria amb un buit de quatre d\u00e8cades al mig? \u00c9s f\u00e0cil imaginar-se assegut al costat de Barnes mentre ens demana no mirar-lo a ell sin\u00f3 al m\u00f3n, a la vida que ens passa pel davant: \u00abNo, no deixeu de mirar.\u00bb TRADUCCI\u00d3 D&#8217;ALEXANDRE GOMBAU I ARNAU * \u00abLes divagacions filos\u00f2fiques de Barnes ens recorden a Sebald, per\u00f2 amb una calidesa, humanitat i humor clarament seus.\u00bb &#8211; Booklist * \u00abBarnes explora la mem\u00f2ria, la identitat i l&#8217;envelliment en aquesta novel\u00b7la metaficcional eleg\u00edaca i enginyosa&#8230; [i] \u00e9s evident que es mant\u00e9 en plena forma.\u00bb &#8211; Library Journal * \u00abUna meditaci\u00f3 reveladora sobre l&#8217;amor, la mort i la mem\u00f2ria.\u00bb &#8211; Publishers Weekly<\/p>\n","protected":false},"excerpt":{"rendered":"<p>AUTOR: Barnes, Julian<br \/>\nISBN: 9791387853174<br \/>\nEDICI\u00d3: 1a<br \/>\nENQUADERNACI\u00d3: Tapa r\u00fastica amb solapes<br \/>\nFORMAT: 21 cm x 14 cm<br \/>\nP\u00c0GINES: 208<br \/>\nIDIOMA: Catal\u00e0<\/p>\n","protected":false},"featured_media":47470,"template":"","meta":[],"product_cat":[49,18],"product_tag":[],"_links":{"self":[{"href":"https:\/\/www.vilaweb.cat\/botiga\/wp-json\/wp\/v2\/product\/47469"}],"collection":[{"href":"https:\/\/www.vilaweb.cat\/botiga\/wp-json\/wp\/v2\/product"}],"about":[{"href":"https:\/\/www.vilaweb.cat\/botiga\/wp-json\/wp\/v2\/types\/product"}],"wp:featuredmedia":[{"embeddable":true,"href":"https:\/\/www.vilaweb.cat\/botiga\/wp-json\/wp\/v2\/media\/47470"}],"wp:attachment":[{"href":"https:\/\/www.vilaweb.cat\/botiga\/wp-json\/wp\/v2\/media?parent=47469"}],"wp:term":[{"taxonomy":"product_cat","embeddable":true,"href":"https:\/\/www.vilaweb.cat\/botiga\/wp-json\/wp\/v2\/product_cat?post=47469"},{"taxonomy":"product_tag","embeddable":true,"href":"https:\/\/www.vilaweb.cat\/botiga\/wp-json\/wp\/v2\/product_tag?post=47469"}],"curies":[{"name":"wp","href":"https:\/\/api.w.org\/{rel}","templated":true}]}}