{"id":47421,"date":"2026-01-30T13:38:03","date_gmt":"2026-01-30T12:38:03","guid":{"rendered":"https:\/\/www.vilaweb.cat\/botiga\/?post_type=product&#038;p=47421"},"modified":"2026-01-31T11:56:16","modified_gmt":"2026-01-31T10:56:16","slug":"el-nostre-feixisme","status":"publish","type":"product","link":"https:\/\/www.vilaweb.cat\/botiga\/producte\/el-nostre-feixisme\/","title":{"rendered":"El nostre feixisme"},"content":{"rendered":"<p>En un moment hist\u00f2ric d\u2019alarmant creixement del feixisme, aquest \u00e9s un assaig sobre la seva naturalesa que ens dona esperan\u00e7a per revertir-lo. Actualment, aquestes ideologies creixen quan els projectes pol\u00edtics tradicionals no donen resposta als malestars existents i a les necessitats insatisfetes, per\u00f2 tamb\u00e9 quan vivim processos d\u2019aprofundiment democr\u00e0tic. El feixisme actual \u00e9s una resposta a l\u2019\u00e8xit de les reivindicacions igualit\u00e0ries, de la diversitat, de les llibertats associades a les condicions materials de vida, de la den\u00fancia de l\u2019emerg\u00e8ncia clim\u00e0tica\u2026 Si davant d\u2019aix\u00f2 tenim la capacitat de crear democr\u00e0cia, el feixisme quedar\u00e0 aturat i recular\u00e0.<\/p>\n","protected":false},"excerpt":{"rendered":"<p>AUTOR: Mir I Garcia, Jordi<br \/>\nISBN: 9791387801144<br \/>\nEDICI\u00d3: 1a<br \/>\nENQUADERNACI\u00d3: Tapa r\u00fastica amb solapes<br \/>\nFORMAT: 15 cm x 19 cm<br \/>\nP\u00c0GINES: 96<br \/>\nIDIOMA: Catal\u00e0<\/p>\n","protected":false},"featured_media":47422,"template":"","meta":[],"product_cat":[42,18],"product_tag":[],"_links":{"self":[{"href":"https:\/\/www.vilaweb.cat\/botiga\/wp-json\/wp\/v2\/product\/47421"}],"collection":[{"href":"https:\/\/www.vilaweb.cat\/botiga\/wp-json\/wp\/v2\/product"}],"about":[{"href":"https:\/\/www.vilaweb.cat\/botiga\/wp-json\/wp\/v2\/types\/product"}],"wp:featuredmedia":[{"embeddable":true,"href":"https:\/\/www.vilaweb.cat\/botiga\/wp-json\/wp\/v2\/media\/47422"}],"wp:attachment":[{"href":"https:\/\/www.vilaweb.cat\/botiga\/wp-json\/wp\/v2\/media?parent=47421"}],"wp:term":[{"taxonomy":"product_cat","embeddable":true,"href":"https:\/\/www.vilaweb.cat\/botiga\/wp-json\/wp\/v2\/product_cat?post=47421"},{"taxonomy":"product_tag","embeddable":true,"href":"https:\/\/www.vilaweb.cat\/botiga\/wp-json\/wp\/v2\/product_tag?post=47421"}],"curies":[{"name":"wp","href":"https:\/\/api.w.org\/{rel}","templated":true}]}}