{"id":47419,"date":"2026-01-30T13:33:04","date_gmt":"2026-01-30T12:33:04","guid":{"rendered":"https:\/\/www.vilaweb.cat\/botiga\/?post_type=product&#038;p=47419"},"modified":"2026-04-08T11:58:30","modified_gmt":"2026-04-08T09:58:30","slug":"dos-morts-i-mig-un-crim-ultra-al-maresme","status":"publish","type":"product","link":"https:\/\/www.vilaweb.cat\/botiga\/producte\/dos-morts-i-mig-un-crim-ultra-al-maresme\/","title":{"rendered":"Dos morts i mig. Un crim ultra al Maresme"},"content":{"rendered":"<p><b>Un reportatge period\u00edstic que revela la cara m\u00e9s fosca de la Transici\u00f3<\/b><\/p>\n<p>20 de novembre de 1980, aniversari de la mort del general Franco. Tipus vinculats a les joventuts de Fuerza Nueva surten al vespre per Matar\u00f3 amb la intenci\u00f3 d&#8217;espantar rivals pol\u00edtics. Despr\u00e9s de passar per un ateneu anarquista, topen amb tres joves (una noia i dos nois d&#8217;entorns marginals), se&#8217;ls enduen al bosc i els assassinen a sang freda. Un dels tres sobreviu i impedeix que el crim quedi ocult. Despr\u00e9s d&#8217;investigar el cas i d&#8217;entrevistar-se amb testimonis que van viure de prop els fets (jutge, advocats, periodistes, historiadors), el jurista Dami\u00e0 del Clot i el periodista Albert Calls reconstrueixen una trama ultra amb epicentre al Maresme amb fortes vinculacions amb la Gu\u00e0rdia Civil i connexions amb protagonistes del 23-F, fins i tot amb un nazi refugiat a la comarca. El que semblava el resultat fatal d&#8217;una barreja d&#8217;alcohol i drogues es revela com un crim pol\u00edtic a les portes del cop d&#8217;estat. Juntament amb la v\u00edctima de la revista <em>El Papus<\/em>, els joves mataronins Juana Caso i Jos\u00e9 Mu\u00f1oz s\u00f3n els \u00fanics morts que la viol\u00e8ncia ultra de la Transici\u00f3 va deixar a Catalunya.<\/p>\n","protected":false},"excerpt":{"rendered":"<p><span style=\"color: #ff6600;\"><strong>LLIBRE SIGNAT PER SANT JORDI<\/strong><\/span><\/p>\n<p>Fins al<strong> 14\u00a0d\u2019abril<\/strong> podeu triar entre tot un ventall d\u2019autors i rebre&#8217;n el llibre dedicat i signat. Les compres de llibres signats s&#8217;hauran de fer a la <a href=\"https:\/\/www.vilaweb.cat\/botiga\/categoria-producte\/sant-jordi\/\"><b>Botiga en l\u00ednia.<\/b><\/a><\/p>\n<p><b>No agafem els enc\u00e0rrecs presencialment a la Botiga.<\/b><\/p>\n<p>Si \u00e9s un llibre que voleu regalar, ens podeu<b> indicar el nom <\/b>a qui s\u2019ha d\u2019adre\u00e7ar l\u2019autor, a l\u2019apartat <b>&#8220;notes de la comanda&#8221; <\/b>en el moment de formalitzar-la. Altrament, <b>es far\u00e0 una dedicat\u00f2ria gen\u00e8rica, no nominal.<\/b><\/p>\n<p>Us deixem <strong><a href=\"https:\/\/www.vilaweb.cat\/botiga\/categoria-producte\/sant-jordi\/\">la llista<\/a><\/strong> de llibres que podeu encarregar.<\/p>\n<p>* Les comandes de llibres estaran a punt i s&#8217;enviaran a partir del 15 d&#8217;abril perqu\u00e8 els rebeu abans de Sant Jordi, independentment del dia de la compra.<\/p>\n<p>AUTOR: Calls, Albert Clot, Damia Del<br \/>\nISBN: 9788498096200<br \/>\nEDICI\u00d3: 1a<br \/>\nENQUADERNACI\u00d3: Tapa r\u00fastica amb solapes<br \/>\nFORMAT: 14 cm x 21 cm<br \/>\nP\u00c0GINES: 160<br \/>\nIDIOMA: Catal\u00e0<\/p>\n","protected":false},"featured_media":47420,"template":"","meta":[],"product_cat":[45,18,423],"product_tag":[],"_links":{"self":[{"href":"https:\/\/www.vilaweb.cat\/botiga\/wp-json\/wp\/v2\/product\/47419"}],"collection":[{"href":"https:\/\/www.vilaweb.cat\/botiga\/wp-json\/wp\/v2\/product"}],"about":[{"href":"https:\/\/www.vilaweb.cat\/botiga\/wp-json\/wp\/v2\/types\/product"}],"wp:featuredmedia":[{"embeddable":true,"href":"https:\/\/www.vilaweb.cat\/botiga\/wp-json\/wp\/v2\/media\/47420"}],"wp:attachment":[{"href":"https:\/\/www.vilaweb.cat\/botiga\/wp-json\/wp\/v2\/media?parent=47419"}],"wp:term":[{"taxonomy":"product_cat","embeddable":true,"href":"https:\/\/www.vilaweb.cat\/botiga\/wp-json\/wp\/v2\/product_cat?post=47419"},{"taxonomy":"product_tag","embeddable":true,"href":"https:\/\/www.vilaweb.cat\/botiga\/wp-json\/wp\/v2\/product_tag?post=47419"}],"curies":[{"name":"wp","href":"https:\/\/api.w.org\/{rel}","templated":true}]}}