{"id":47389,"date":"2026-01-27T12:39:15","date_gmt":"2026-01-27T11:39:15","guid":{"rendered":"https:\/\/www.vilaweb.cat\/botiga\/?post_type=product&#038;p=47389"},"modified":"2026-01-31T11:52:25","modified_gmt":"2026-01-31T10:52:25","slug":"de-totes-les-coses-visibles-i-invisibles","status":"publish","type":"product","link":"https:\/\/www.vilaweb.cat\/botiga\/producte\/de-totes-les-coses-visibles-i-invisibles\/","title":{"rendered":"De totes les coses visibles i invisibles"},"content":{"rendered":"<p><strong>Dietari d\u2019un pensador sempre interessant, que uneix fets i reflexions.<\/strong><\/p>\n<p>Ferran S\u00e1ez Mateu ens convida a endinsar-nos en un dietari que va m\u00e9s enll\u00e0 del registre quotidi\u00e0 de fets per explorar la condici\u00f3 humana. Conscient de la naturalesa magm\u00e0tica del g\u00e8nere, el fil\u00f2sof busca un equilibri subtil entre els fets de la vida di\u00e0ria &#8211; llargues caminades urbanes, m\u00fasica, lectures\u2013 i les reflexions abstractes que els transcendeixen. Inspirant-se un cop m\u00e9s en Montaigne, l\u2019obra planteja la introspecci\u00f3 no com un simple mirall personal, sin\u00f3 com una via per comprendre l\u2019\u00e9sser hum\u00e0 en la seva constant transformaci\u00f3. Aix\u00ed, les viv\u00e8ncies personals esdevenen el punt de partida per a una exploraci\u00f3 filos\u00f2fica que abra\u00e7a la flu\u00efdesa i les contradiccions de l\u2019exist\u00e8ncia. <i>De totes les coses visibles i invisibles<\/i>\u00a0proposa al lector un di\u00e0leg profund sobre qu\u00e8 significa ser hum\u00e0 en un m\u00f3n en perpetu moviment.<\/p>\n","protected":false},"excerpt":{"rendered":"<p>AUTOR: Saez Mateu, Ferran<br \/>\nISBN: 9788498096224<br \/>\nEDICI\u00d3: 1a<br \/>\nENQUADERNACI\u00d3: Tapa r\u00fastica<br \/>\nFORMAT: 21 cm x 14 cm<br \/>\nP\u00c0GINES: 304<br \/>\nIDIOMA: Catal\u00e0<\/p>\n","protected":false},"featured_media":47390,"template":"","meta":[],"product_cat":[42,18],"product_tag":[],"_links":{"self":[{"href":"https:\/\/www.vilaweb.cat\/botiga\/wp-json\/wp\/v2\/product\/47389"}],"collection":[{"href":"https:\/\/www.vilaweb.cat\/botiga\/wp-json\/wp\/v2\/product"}],"about":[{"href":"https:\/\/www.vilaweb.cat\/botiga\/wp-json\/wp\/v2\/types\/product"}],"wp:featuredmedia":[{"embeddable":true,"href":"https:\/\/www.vilaweb.cat\/botiga\/wp-json\/wp\/v2\/media\/47390"}],"wp:attachment":[{"href":"https:\/\/www.vilaweb.cat\/botiga\/wp-json\/wp\/v2\/media?parent=47389"}],"wp:term":[{"taxonomy":"product_cat","embeddable":true,"href":"https:\/\/www.vilaweb.cat\/botiga\/wp-json\/wp\/v2\/product_cat?post=47389"},{"taxonomy":"product_tag","embeddable":true,"href":"https:\/\/www.vilaweb.cat\/botiga\/wp-json\/wp\/v2\/product_tag?post=47389"}],"curies":[{"name":"wp","href":"https:\/\/api.w.org\/{rel}","templated":true}]}}