{"id":47387,"date":"2026-01-27T12:31:11","date_gmt":"2026-01-27T11:31:11","guid":{"rendered":"https:\/\/www.vilaweb.cat\/botiga\/?post_type=product&#038;p=47387"},"modified":"2026-02-04T11:15:04","modified_gmt":"2026-02-04T10:15:04","slug":"la-cacadora-de-cossos","status":"publish","type":"product","link":"https:\/\/www.vilaweb.cat\/botiga\/producte\/la-cacadora-de-cossos\/","title":{"rendered":"La ca\u00e7adora de cossos"},"content":{"rendered":"<p><strong>El cos i el desig femen\u00ed, i les seves contradiccions: nova versi\u00f3 de maduresa, totalment reescrita.<\/strong><\/p>\n<p>Una dona jove se\u2019n va al llit amb tota mena d\u2019homes, els col\u00b7lecciona. Est\u00e0 conven\u00e7uda que aix\u00f2 \u00e9s el que la satisf\u00e0 i l\u2019allibera. Tanmateix, quan comen\u00e7a a treballar netejant la casa d\u2019un home que l\u2019observa i l\u2019escolta s\u2019adona que alguna cosa no rutlla. Potser la seva ca\u00e7a de cossos no \u00e9s res m\u00e9s que un mecanisme\u00a0per fugir d\u2019ella mateixa.<br \/>\nAmb la for\u00e7a, la sensualitat i la valentia acostumades, Najat El Hachmi reflexiona sobre el cos, la sexualitat i les contradiccions del desig femen\u00ed en la societat contempor\u00e0nia com la cultura dominant perverteix i manipula el desig.<\/p>\n","protected":false},"excerpt":{"rendered":"<p>AUTOR: El Hachmi, Najat<br \/>\nISBN: 9788429783186<br \/>\nEDICI\u00d3: 1a<br \/>\nENQUADERNACI\u00d3: Tapa r\u00fastica<br \/>\nFORMAT: 23 cm x 15 cm<br \/>\nP\u00c0GINES: 240<br \/>\nIDIOMA: Catal\u00e0<\/p>\n","protected":false},"featured_media":47388,"template":"","meta":[],"product_cat":[49,18],"product_tag":[],"_links":{"self":[{"href":"https:\/\/www.vilaweb.cat\/botiga\/wp-json\/wp\/v2\/product\/47387"}],"collection":[{"href":"https:\/\/www.vilaweb.cat\/botiga\/wp-json\/wp\/v2\/product"}],"about":[{"href":"https:\/\/www.vilaweb.cat\/botiga\/wp-json\/wp\/v2\/types\/product"}],"wp:featuredmedia":[{"embeddable":true,"href":"https:\/\/www.vilaweb.cat\/botiga\/wp-json\/wp\/v2\/media\/47388"}],"wp:attachment":[{"href":"https:\/\/www.vilaweb.cat\/botiga\/wp-json\/wp\/v2\/media?parent=47387"}],"wp:term":[{"taxonomy":"product_cat","embeddable":true,"href":"https:\/\/www.vilaweb.cat\/botiga\/wp-json\/wp\/v2\/product_cat?post=47387"},{"taxonomy":"product_tag","embeddable":true,"href":"https:\/\/www.vilaweb.cat\/botiga\/wp-json\/wp\/v2\/product_tag?post=47387"}],"curies":[{"name":"wp","href":"https:\/\/api.w.org\/{rel}","templated":true}]}}