{"id":47385,"date":"2026-01-27T12:28:16","date_gmt":"2026-01-27T11:28:16","guid":{"rendered":"https:\/\/www.vilaweb.cat\/botiga\/?post_type=product&#038;p=47385"},"modified":"2026-02-24T17:24:17","modified_gmt":"2026-02-24T16:24:17","slug":"rascaparets","status":"publish","type":"product","link":"https:\/\/www.vilaweb.cat\/botiga\/producte\/rascaparets\/","title":{"rendered":"Rascaparets"},"content":{"rendered":"<p>Rascaparets era el nom que, de petits, don\u00e0vem als mistos Garibaldi: una tira de cartr\u00f3 amb quinze o setze ungletes d&#8217;explosiu, que la canalla f\u00e8iem esclatar, arrossegant-les per fa\u00e7anes i pedrissos. Contenien f\u00f2sfor blanc i alguns nens s&#8217;hi van enverinar. Els contes curts de Juli\u00e0 Guillamon s\u00f3n com aquells rascaparets: petites hist\u00f2ries que, fregades a la superf\u00edcie aspra de la realitat, produeixen espetecs d&#8217;imaginaci\u00f3, humor i cr\u00edtica. La IA, el fast deco, els cables que s&#8217;entortolliguen tot sols dins d&#8217;un calaix, les llesques de pa de motlle que no es passen mai, l&#8217;art comprom\u00e8s i els videojocs: pet-pet-pet-petepet.<\/p>\n","protected":false},"excerpt":{"rendered":"<p>AUTOR: Guillamon, Juli\u00e0<br \/>\nISBN: 9791387605988<br \/>\nEDICI\u00d3: 1a<br \/>\nENQUADERNACI\u00d3: Tapa r\u00fastica<br \/>\nFORMAT: 21 cm x 13 cm<br \/>\nP\u00c0GINES: 160<br \/>\nIDIOMA: Catal\u00e0<\/p>\n","protected":false},"featured_media":47386,"template":"","meta":[],"product_cat":[49,18],"product_tag":[],"_links":{"self":[{"href":"https:\/\/www.vilaweb.cat\/botiga\/wp-json\/wp\/v2\/product\/47385"}],"collection":[{"href":"https:\/\/www.vilaweb.cat\/botiga\/wp-json\/wp\/v2\/product"}],"about":[{"href":"https:\/\/www.vilaweb.cat\/botiga\/wp-json\/wp\/v2\/types\/product"}],"wp:featuredmedia":[{"embeddable":true,"href":"https:\/\/www.vilaweb.cat\/botiga\/wp-json\/wp\/v2\/media\/47386"}],"wp:attachment":[{"href":"https:\/\/www.vilaweb.cat\/botiga\/wp-json\/wp\/v2\/media?parent=47385"}],"wp:term":[{"taxonomy":"product_cat","embeddable":true,"href":"https:\/\/www.vilaweb.cat\/botiga\/wp-json\/wp\/v2\/product_cat?post=47385"},{"taxonomy":"product_tag","embeddable":true,"href":"https:\/\/www.vilaweb.cat\/botiga\/wp-json\/wp\/v2\/product_tag?post=47385"}],"curies":[{"name":"wp","href":"https:\/\/api.w.org\/{rel}","templated":true}]}}