{"id":47380,"date":"2026-01-27T12:22:11","date_gmt":"2026-01-27T11:22:11","guid":{"rendered":"https:\/\/www.vilaweb.cat\/botiga\/?post_type=product&#038;p=47380"},"modified":"2026-01-27T13:08:06","modified_gmt":"2026-01-27T12:08:06","slug":"el-nom-a-la-paret","status":"publish","type":"product","link":"https:\/\/www.vilaweb.cat\/botiga\/producte\/el-nom-a-la-paret\/","title":{"rendered":"El nom a la paret"},"content":{"rendered":"<p><strong>Una investigaci\u00f3 sobre un jove caigut en la lluita contra la tirania<\/strong><\/p>\n<p>\u201cTal com va el m\u00f3n, no dubto que cal tornar a parlar de l\u2019Ocupaci\u00f3, de la col\u00b7laboraci\u00f3 i del feixisme, del racisme i del rebuig a l\u2019altre.\u201d<br \/>\nUn nom gravat a la paret d\u2019una casa, el mateix nom en un monument als caiguts, el desig d\u2019explicar la vida d\u2019un jove mort als vint anys. Despr\u00e9s de l\u2019\u00e8xit de\u00a0<i>L\u2019anomalia<\/i>, Herv\u00e9 Le Tellier afronta una recerca hist\u00f2rica molt personal en qu\u00e8 reconstrueix la curta vida d\u2019un jove membre de la Resist\u00e8ncia francesa, Andr\u00e9 Chaix (1924-1944), disposat a morir pels seus ideals. I ho combina amb una reflexi\u00f3 \u00edntima sobre el comprom\u00eds pol\u00edtic, la hist\u00f2ria i sobre qu\u00e8 porta les persones a triar el b\u00e0ndol correcte o l\u2019erroni.<\/p>\n","protected":false},"excerpt":{"rendered":"<p>AUTOR: Tellier, Herve Le<br \/>\nISBN: 9788429783247<br \/>\nEDICI\u00d3: 1a<br \/>\nENQUADERNACI\u00d3: Tapa r\u00fastica<br \/>\nFORMAT: 23 cm x 15 cm<br \/>\nP\u00c0GINES: 272<br \/>\nIDIOMA: Catal\u00e0<\/p>\n","protected":false},"featured_media":47381,"template":"","meta":[],"product_cat":[45,18],"product_tag":[],"_links":{"self":[{"href":"https:\/\/www.vilaweb.cat\/botiga\/wp-json\/wp\/v2\/product\/47380"}],"collection":[{"href":"https:\/\/www.vilaweb.cat\/botiga\/wp-json\/wp\/v2\/product"}],"about":[{"href":"https:\/\/www.vilaweb.cat\/botiga\/wp-json\/wp\/v2\/types\/product"}],"wp:featuredmedia":[{"embeddable":true,"href":"https:\/\/www.vilaweb.cat\/botiga\/wp-json\/wp\/v2\/media\/47381"}],"wp:attachment":[{"href":"https:\/\/www.vilaweb.cat\/botiga\/wp-json\/wp\/v2\/media?parent=47380"}],"wp:term":[{"taxonomy":"product_cat","embeddable":true,"href":"https:\/\/www.vilaweb.cat\/botiga\/wp-json\/wp\/v2\/product_cat?post=47380"},{"taxonomy":"product_tag","embeddable":true,"href":"https:\/\/www.vilaweb.cat\/botiga\/wp-json\/wp\/v2\/product_tag?post=47380"}],"curies":[{"name":"wp","href":"https:\/\/api.w.org\/{rel}","templated":true}]}}