{"id":47317,"date":"2026-01-19T18:15:05","date_gmt":"2026-01-19T17:15:05","guid":{"rendered":"https:\/\/www.vilaweb.cat\/botiga\/?post_type=product&#038;p=47317"},"modified":"2026-04-18T01:53:56","modified_gmt":"2026-04-17T23:53:56","slug":"el-joc-del-silenci","status":"publish","type":"product","link":"https:\/\/www.vilaweb.cat\/botiga\/producte\/el-joc-del-silenci\/","title":{"rendered":"El joc del silenci"},"content":{"rendered":"<p><b>El debut literari del guionista Gil<\/b><\/p>\n<p><b>Pratsobrerroca \u00e9s un thriller amb aires<\/b><\/p>\n<p><b>de Dicker situat al poblet d\u2019Arcavell<\/b><\/p>\n<p>El 15 de juny de l\u2019any 2025 t\u00e9 lloc la desaparici\u00f3 de la Val\u00e8ria Costa una<\/p>\n<p>nena encisadora de set anys. A partir d\u2019aquest plantejament els seus pares<\/p>\n<p>es veuran immersos en una investigaci\u00f3 que no deixar\u00e0 d\u2019assenyalar-los<\/p>\n<p>directament obligant-los a confessar fins a l\u2019\u00faltim secret que s\u2019han estat<\/p>\n<p>ocultant.<\/p>\n<p>Amb un fren\u00e8tic compte enrere i un ritme trepidant aquesta hist\u00f2ria s\u2019endinsa<\/p>\n<p>en les profunditats de l\u2019amor i el desig a trav\u00e9s d\u2019una trama ambiciosa<\/p>\n<p>teixida amb cura i precisi\u00f3 plena de girs inesperats i de viatges al<\/p>\n<p>passat. Una novel\u00b7la addictiva i aterridora a parts igual que enganxar\u00e0 el<\/p>\n<p>lector fins a l\u2019\u00faltima p\u00e0gina<\/p>\n","protected":false},"excerpt":{"rendered":"<p>AUTOR: Pratsobrerroca, Gil<br \/>\nISBN: 9788419836816<br \/>\nEDICI\u00d3: 1a<br \/>\nENQUADERNACI\u00d3: Tapa r\u00fastica<br \/>\nFORMAT: 23 cm x 15 cm<br \/>\nP\u00c0GINES: 272<br \/>\nIDIOMA: Catal\u00e0<\/p>\n","protected":false},"featured_media":47318,"template":"","meta":[],"product_cat":[49,18,423],"product_tag":[],"_links":{"self":[{"href":"https:\/\/www.vilaweb.cat\/botiga\/wp-json\/wp\/v2\/product\/47317"}],"collection":[{"href":"https:\/\/www.vilaweb.cat\/botiga\/wp-json\/wp\/v2\/product"}],"about":[{"href":"https:\/\/www.vilaweb.cat\/botiga\/wp-json\/wp\/v2\/types\/product"}],"wp:featuredmedia":[{"embeddable":true,"href":"https:\/\/www.vilaweb.cat\/botiga\/wp-json\/wp\/v2\/media\/47318"}],"wp:attachment":[{"href":"https:\/\/www.vilaweb.cat\/botiga\/wp-json\/wp\/v2\/media?parent=47317"}],"wp:term":[{"taxonomy":"product_cat","embeddable":true,"href":"https:\/\/www.vilaweb.cat\/botiga\/wp-json\/wp\/v2\/product_cat?post=47317"},{"taxonomy":"product_tag","embeddable":true,"href":"https:\/\/www.vilaweb.cat\/botiga\/wp-json\/wp\/v2\/product_tag?post=47317"}],"curies":[{"name":"wp","href":"https:\/\/api.w.org\/{rel}","templated":true}]}}